{"id":1503,"date":"2019-01-07T10:23:13","date_gmt":"2019-01-07T08:23:13","guid":{"rendered":"https:\/\/www.etoiles.fi\/activated-carbon\/"},"modified":"2026-03-01T14:41:47","modified_gmt":"2026-03-01T12:41:47","slug":"aktivt-kol","status":"publish","type":"page","link":"https:\/\/dev.etoiles.fi\/sv\/aktivt-kol\/","title":{"rendered":"Aktivt kol"},"content":{"rendered":"<p>&nbsp;<\/p>\n<p>[vc_row][vc_column][vc_column_text]Vi levererar alla typer av aktivt kol som passar just dina behov. Aktivt kol anv\u00e4nds f\u00f6r luktborttagning i avloppspumpstationer och avloppsreningsverk. Vi levererar olika kolprodukter till biogasanl\u00e4ggningar och m\u00e5nga andra industrier.<\/p>\n<p>V\u00e5r partner \u00e4r Donau Carbon, som har \u00f6ver 100 \u00e5rs erfarenhet inom branchen. F\u00f6rutom luktborttagning har vi aktivt kol f\u00f6r: <a href=\"https:\/\/www.etoiles.fi\/wp-content\/uploads\/2018\/11\/donaugarbon_aktiivihiili-e1542738369799.jpg\"><img loading=\"lazy\" decoding=\"async\" class=\"alignright wp-image-538 size-medium\" src=\"https:\/\/www.etoiles.fi\/wp-content\/uploads\/2018\/11\/donaugarbon_aktiivihiili-300x150.jpg\" alt=\"\" width=\"300\" height=\"150\" \/><\/a><\/p>\n<p>\u2013 Rening av dricksvatten<br \/>\n\u2013 Adsorption av l\u00f6st organiskt material<br \/>\n\u2013 Deklorering, Deozonering<br \/>\n\u2013 Grundvattenrening<br \/>\n\u2013 Servicevattenrening\/behandling<br \/>\n\u2013 Matarvattenbehandling f\u00f6r v\u00e4rmepanna<br \/>\n\u2013 Kondensat- och kontaktvattenbehandling<br \/>\n\u2013 Vattenbehandling f\u00f6r simbass\u00e4nger<br \/>\n\u2013 Behandling av akvarievatten<br \/>\n\u2013 Avfallsvatten- och avloppsbehandling<br \/>\n\u2013 Soptipp l\u00e4ckagebehandling<br \/>\n+ \u00d6vrigt.<\/p>\n<p>R\u00e5varor f\u00f6r aktivt kol kan vara tr\u00e4kol, bitumin\u00f6st kol, tr\u00e4, kokosn\u00f6tskal, olivstenar, fruktstenar, torv osv.<\/p>\n<p>De vanligaste formerna av aktivt kol \u00e4r<br \/>\n\u2022 pressade (vanligtvis i form av cylindriska pellets)<br \/>\n\u2022 brutna (granul\u00e4rt eller brutet aktivt kol)<br \/>\n\u2022 pulver (i specificerade partikelstorlekar)<br \/>\nF\u00f6rutom v\u00e5ra egna studier och tester (ISO 9001) har internationella teststandarder h\u00f6g prioritet. \u00c5tminstone har f\u00f6ljande organ testat det aktiva kolet.<br \/>\n\u2022 ASTM (American Society for Testing and Materials),<br \/>\n\u2022 AWWA (American Water Works Association) och<br \/>\n\u2022 CEFIC (Conseil Europ\u00e9en des) F\u00e9d\u00e9rations de l&#8217;Industrie Chimique)<br \/>\nF\u00f6r vatten rening har EU egna graderingar och regulationer<br \/>\n\u2022 Europeisk standard (DIN EN \/ CEN Comit\u00e9 Europ\u00e9en de Normalisation) och<br \/>\n\u2022 FCC (Food Chemicals Codex IV Edition 1996)<br \/>\nTekniska dokument och prover kan f\u00e5s p\u00e5 beg\u00e4ran.<\/p>\n<p><a href=\"https:\/\/www.etoiles.fi\/wp-content\/uploads\/2018\/11\/Iso9001.jpg\"><img loading=\"lazy\" decoding=\"async\" class=\"alignnone wp-image-552 size-medium\" src=\"https:\/\/www.etoiles.fi\/wp-content\/uploads\/2018\/11\/Iso9001-300x152.jpg\" alt=\"\" width=\"300\" height=\"152\" srcset=\"https:\/\/dev.etoiles.fi\/wp-content\/uploads\/2018\/11\/Iso9001-300x152.jpg 300w, https:\/\/dev.etoiles.fi\/wp-content\/uploads\/2018\/11\/Iso9001-260x132.jpg 260w, https:\/\/dev.etoiles.fi\/wp-content\/uploads\/2018\/11\/Iso9001-50x25.jpg 50w, https:\/\/dev.etoiles.fi\/wp-content\/uploads\/2018\/11\/Iso9001-148x75.jpg 148w, https:\/\/dev.etoiles.fi\/wp-content\/uploads\/2018\/11\/Iso9001.jpg 717w\" sizes=\"auto, (max-width: 300px) 100vw, 300px\" \/><\/a>[\/vc_column_text][\/vc_column]<\/p>\n","protected":false},"excerpt":{"rendered":"<p>&nbsp; [vc_row][vc_column][vc_column_text]Vi levererar alla typer av aktivt kol som passar just dina behov. Aktivt kol anv\u00e4nds f\u00f6r luktborttagning i avloppspumpstationer och avloppsreningsverk. Vi levererar olika kolprodukter till biogasanl\u00e4ggningar och m\u00e5nga andra industrier. V\u00e5r partner \u00e4r Donau Carbon, som har \u00f6ver 100 \u00e5rs erfarenhet inom branchen. F\u00f6rutom luktborttagning har vi aktivt kol f\u00f6r: \u2013 Rening av [&hellip;]<\/p>\n","protected":false},"author":2,"featured_media":0,"parent":0,"menu_order":0,"comment_status":"closed","ping_status":"closed","template":"","meta":{"_uag_custom_page_level_css":"","footnotes":""},"class_list":["post-1503","page","type-page","status-publish","hentry"],"blocksy_meta":[],"yoast_head":"<!-- This site is optimized with the Yoast SEO plugin v27.5 - https:\/\/yoast.com\/product\/yoast-seo-wordpress\/ -->\n<title>Aktivt kol - Etoiles<\/title>\n<meta name=\"robots\" content=\"noindex, follow, max-snippet:-1, max-image-preview:large, max-video-preview:-1\" \/>\n<meta property=\"og:locale\" content=\"sv_SE\" \/>\n<meta property=\"og:type\" content=\"article\" \/>\n<meta property=\"og:title\" content=\"Aktivt kol - Etoiles\" \/>\n<meta property=\"og:description\" content=\"&nbsp; [vc_row][vc_column][vc_column_text]Vi levererar alla typer av aktivt kol som passar just dina behov. Aktivt kol anv\u00e4nds f\u00f6r luktborttagning i avloppspumpstationer och avloppsreningsverk. Vi levererar olika kolprodukter till biogasanl\u00e4ggningar och m\u00e5nga andra industrier. V\u00e5r partner \u00e4r Donau Carbon, som har \u00f6ver 100 \u00e5rs erfarenhet inom branchen. F\u00f6rutom luktborttagning har vi aktivt kol f\u00f6r: \u2013 Rening av [&hellip;]\" \/>\n<meta property=\"og:url\" content=\"https:\/\/dev.etoiles.fi\/sv\/aktivt-kol\/\" \/>\n<meta property=\"og:site_name\" content=\"Etoiles\" \/>\n<meta property=\"article:modified_time\" content=\"2026-03-01T12:41:47+00:00\" \/>\n<meta property=\"og:image\" content=\"https:\/\/www.etoiles.fi\/wp-content\/uploads\/2018\/11\/donaugarbon_aktiivihiili-300x150.jpg\" \/>\n<meta name=\"twitter:card\" content=\"summary_large_image\" \/>\n<meta name=\"twitter:label1\" content=\"Ber\u00e4knad l\u00e4stid\" \/>\n\t<meta name=\"twitter:data1\" content=\"1 minut\" \/>\n<script type=\"application\/ld+json\" class=\"yoast-schema-graph\">{\"@context\":\"https:\\\/\\\/schema.org\",\"@graph\":[{\"@type\":\"WebPage\",\"@id\":\"https:\\\/\\\/dev.etoiles.fi\\\/sv\\\/aktivt-kol\\\/\",\"url\":\"https:\\\/\\\/dev.etoiles.fi\\\/sv\\\/aktivt-kol\\\/\",\"name\":\"Aktivt kol - Etoiles\",\"isPartOf\":{\"@id\":\"https:\\\/\\\/dev.etoiles.fi\\\/#website\"},\"primaryImageOfPage\":{\"@id\":\"https:\\\/\\\/dev.etoiles.fi\\\/sv\\\/aktivt-kol\\\/#primaryimage\"},\"image\":{\"@id\":\"https:\\\/\\\/dev.etoiles.fi\\\/sv\\\/aktivt-kol\\\/#primaryimage\"},\"thumbnailUrl\":\"https:\\\/\\\/www.etoiles.fi\\\/wp-content\\\/uploads\\\/2018\\\/11\\\/donaugarbon_aktiivihiili-300x150.jpg\",\"datePublished\":\"2019-01-07T08:23:13+00:00\",\"dateModified\":\"2026-03-01T12:41:47+00:00\",\"breadcrumb\":{\"@id\":\"https:\\\/\\\/dev.etoiles.fi\\\/sv\\\/aktivt-kol\\\/#breadcrumb\"},\"inLanguage\":\"sv-SE\",\"potentialAction\":[{\"@type\":\"ReadAction\",\"target\":[\"https:\\\/\\\/dev.etoiles.fi\\\/sv\\\/aktivt-kol\\\/\"]}]},{\"@type\":\"ImageObject\",\"inLanguage\":\"sv-SE\",\"@id\":\"https:\\\/\\\/dev.etoiles.fi\\\/sv\\\/aktivt-kol\\\/#primaryimage\",\"url\":\"https:\\\/\\\/www.etoiles.fi\\\/wp-content\\\/uploads\\\/2018\\\/11\\\/donaugarbon_aktiivihiili-300x150.jpg\",\"contentUrl\":\"https:\\\/\\\/www.etoiles.fi\\\/wp-content\\\/uploads\\\/2018\\\/11\\\/donaugarbon_aktiivihiili-300x150.jpg\"},{\"@type\":\"BreadcrumbList\",\"@id\":\"https:\\\/\\\/dev.etoiles.fi\\\/sv\\\/aktivt-kol\\\/#breadcrumb\",\"itemListElement\":[{\"@type\":\"ListItem\",\"position\":1,\"name\":\"Home\",\"item\":\"https:\\\/\\\/dev.etoiles.fi\\\/sv\\\/\"},{\"@type\":\"ListItem\",\"position\":2,\"name\":\"Aktivt kol\"}]},{\"@type\":\"WebSite\",\"@id\":\"https:\\\/\\\/dev.etoiles.fi\\\/#website\",\"url\":\"https:\\\/\\\/dev.etoiles.fi\\\/\",\"name\":\"Etoiles\",\"description\":\"Hajunpoistoratkaisut j&auml;teveden ja j&auml;tteenk&auml;sittelyyn ja teollisuuteen\",\"publisher\":{\"@id\":\"https:\\\/\\\/dev.etoiles.fi\\\/#organization\"},\"potentialAction\":[{\"@type\":\"SearchAction\",\"target\":{\"@type\":\"EntryPoint\",\"urlTemplate\":\"https:\\\/\\\/dev.etoiles.fi\\\/?s={search_term_string}\"},\"query-input\":{\"@type\":\"PropertyValueSpecification\",\"valueRequired\":true,\"valueName\":\"search_term_string\"}}],\"inLanguage\":\"sv-SE\"},{\"@type\":\"Organization\",\"@id\":\"https:\\\/\\\/dev.etoiles.fi\\\/#organization\",\"name\":\"Etoiles\",\"url\":\"https:\\\/\\\/dev.etoiles.fi\\\/\",\"logo\":{\"@type\":\"ImageObject\",\"inLanguage\":\"sv-SE\",\"@id\":\"https:\\\/\\\/dev.etoiles.fi\\\/#\\\/schema\\\/logo\\\/image\\\/\",\"url\":\"https:\\\/\\\/dev.etoiles.fi\\\/wp-content\\\/uploads\\\/2018\\\/02\\\/etoileswhite_new_pieni.png\",\"contentUrl\":\"https:\\\/\\\/dev.etoiles.fi\\\/wp-content\\\/uploads\\\/2018\\\/02\\\/etoileswhite_new_pieni.png\",\"width\":350,\"height\":83,\"caption\":\"Etoiles\"},\"image\":{\"@id\":\"https:\\\/\\\/dev.etoiles.fi\\\/#\\\/schema\\\/logo\\\/image\\\/\"}}]}<\/script>\n<!-- \/ Yoast SEO plugin. -->","yoast_head_json":{"title":"Aktivt kol - Etoiles","robots":{"index":"noindex","follow":"follow","max-snippet":"max-snippet:-1","max-image-preview":"max-image-preview:large","max-video-preview":"max-video-preview:-1"},"og_locale":"sv_SE","og_type":"article","og_title":"Aktivt kol - Etoiles","og_description":"&nbsp; [vc_row][vc_column][vc_column_text]Vi levererar alla typer av aktivt kol som passar just dina behov. Aktivt kol anv\u00e4nds f\u00f6r luktborttagning i avloppspumpstationer och avloppsreningsverk. Vi levererar olika kolprodukter till biogasanl\u00e4ggningar och m\u00e5nga andra industrier. V\u00e5r partner \u00e4r Donau Carbon, som har \u00f6ver 100 \u00e5rs erfarenhet inom branchen. F\u00f6rutom luktborttagning har vi aktivt kol f\u00f6r: \u2013 Rening av [&hellip;]","og_url":"https:\/\/dev.etoiles.fi\/sv\/aktivt-kol\/","og_site_name":"Etoiles","article_modified_time":"2026-03-01T12:41:47+00:00","og_image":[{"url":"https:\/\/www.etoiles.fi\/wp-content\/uploads\/2018\/11\/donaugarbon_aktiivihiili-300x150.jpg","type":"","width":"","height":""}],"twitter_card":"summary_large_image","twitter_misc":{"Ber\u00e4knad l\u00e4stid":"1 minut"},"schema":{"@context":"https:\/\/schema.org","@graph":[{"@type":"WebPage","@id":"https:\/\/dev.etoiles.fi\/sv\/aktivt-kol\/","url":"https:\/\/dev.etoiles.fi\/sv\/aktivt-kol\/","name":"Aktivt kol - Etoiles","isPartOf":{"@id":"https:\/\/dev.etoiles.fi\/#website"},"primaryImageOfPage":{"@id":"https:\/\/dev.etoiles.fi\/sv\/aktivt-kol\/#primaryimage"},"image":{"@id":"https:\/\/dev.etoiles.fi\/sv\/aktivt-kol\/#primaryimage"},"thumbnailUrl":"https:\/\/www.etoiles.fi\/wp-content\/uploads\/2018\/11\/donaugarbon_aktiivihiili-300x150.jpg","datePublished":"2019-01-07T08:23:13+00:00","dateModified":"2026-03-01T12:41:47+00:00","breadcrumb":{"@id":"https:\/\/dev.etoiles.fi\/sv\/aktivt-kol\/#breadcrumb"},"inLanguage":"sv-SE","potentialAction":[{"@type":"ReadAction","target":["https:\/\/dev.etoiles.fi\/sv\/aktivt-kol\/"]}]},{"@type":"ImageObject","inLanguage":"sv-SE","@id":"https:\/\/dev.etoiles.fi\/sv\/aktivt-kol\/#primaryimage","url":"https:\/\/www.etoiles.fi\/wp-content\/uploads\/2018\/11\/donaugarbon_aktiivihiili-300x150.jpg","contentUrl":"https:\/\/www.etoiles.fi\/wp-content\/uploads\/2018\/11\/donaugarbon_aktiivihiili-300x150.jpg"},{"@type":"BreadcrumbList","@id":"https:\/\/dev.etoiles.fi\/sv\/aktivt-kol\/#breadcrumb","itemListElement":[{"@type":"ListItem","position":1,"name":"Home","item":"https:\/\/dev.etoiles.fi\/sv\/"},{"@type":"ListItem","position":2,"name":"Aktivt kol"}]},{"@type":"WebSite","@id":"https:\/\/dev.etoiles.fi\/#website","url":"https:\/\/dev.etoiles.fi\/","name":"Etoiles","description":"Hajunpoistoratkaisut j&auml;teveden ja j&auml;tteenk&auml;sittelyyn ja teollisuuteen","publisher":{"@id":"https:\/\/dev.etoiles.fi\/#organization"},"potentialAction":[{"@type":"SearchAction","target":{"@type":"EntryPoint","urlTemplate":"https:\/\/dev.etoiles.fi\/?s={search_term_string}"},"query-input":{"@type":"PropertyValueSpecification","valueRequired":true,"valueName":"search_term_string"}}],"inLanguage":"sv-SE"},{"@type":"Organization","@id":"https:\/\/dev.etoiles.fi\/#organization","name":"Etoiles","url":"https:\/\/dev.etoiles.fi\/","logo":{"@type":"ImageObject","inLanguage":"sv-SE","@id":"https:\/\/dev.etoiles.fi\/#\/schema\/logo\/image\/","url":"https:\/\/dev.etoiles.fi\/wp-content\/uploads\/2018\/02\/etoileswhite_new_pieni.png","contentUrl":"https:\/\/dev.etoiles.fi\/wp-content\/uploads\/2018\/02\/etoileswhite_new_pieni.png","width":350,"height":83,"caption":"Etoiles"},"image":{"@id":"https:\/\/dev.etoiles.fi\/#\/schema\/logo\/image\/"}}]}},"uagb_featured_image_src":{"full":false,"thumbnail":false,"medium":false,"medium_large":false,"large":false,"1536x1536":false,"2048x2048":false},"uagb_author_info":{"display_name":"SulkaSuunnittelu","author_link":"https:\/\/dev.etoiles.fi\/sv\/author\/mikko\/"},"uagb_comment_info":0,"uagb_excerpt":"&nbsp; [vc_row][vc_column][vc_column_text]Vi levererar alla typer av aktivt kol som passar just dina behov. Aktivt kol anv\u00e4nds f\u00f6r luktborttagning i avloppspumpstationer och avloppsreningsverk. Vi levererar olika kolprodukter till biogasanl\u00e4ggningar och m\u00e5nga andra industrier. V\u00e5r partner \u00e4r Donau Carbon, som har \u00f6ver 100 \u00e5rs erfarenhet inom branchen. F\u00f6rutom luktborttagning har vi aktivt kol f\u00f6r: \u2013 Rening av&hellip;","_links":{"self":[{"href":"https:\/\/dev.etoiles.fi\/sv\/wp-json\/wp\/v2\/pages\/1503","targetHints":{"allow":["GET"]}}],"collection":[{"href":"https:\/\/dev.etoiles.fi\/sv\/wp-json\/wp\/v2\/pages"}],"about":[{"href":"https:\/\/dev.etoiles.fi\/sv\/wp-json\/wp\/v2\/types\/page"}],"author":[{"embeddable":true,"href":"https:\/\/dev.etoiles.fi\/sv\/wp-json\/wp\/v2\/users\/2"}],"replies":[{"embeddable":true,"href":"https:\/\/dev.etoiles.fi\/sv\/wp-json\/wp\/v2\/comments?post=1503"}],"version-history":[{"count":3,"href":"https:\/\/dev.etoiles.fi\/sv\/wp-json\/wp\/v2\/pages\/1503\/revisions"}],"predecessor-version":[{"id":1506,"href":"https:\/\/dev.etoiles.fi\/sv\/wp-json\/wp\/v2\/pages\/1503\/revisions\/1506"}],"wp:attachment":[{"href":"https:\/\/dev.etoiles.fi\/sv\/wp-json\/wp\/v2\/media?parent=1503"}],"curies":[{"name":"wp","href":"https:\/\/api.w.org\/{rel}","templated":true}]}}