{"id":78,"date":"2014-12-22T10:57:01","date_gmt":"2014-12-22T10:57:01","guid":{"rendered":"http:\/\/themes.muffingroup.com\/be\/energy\/?page_id=2"},"modified":"2026-03-16T15:53:03","modified_gmt":"2026-03-16T13:53:03","slug":"home-2","status":"publish","type":"page","link":"https:\/\/dev.etoiles.fi\/en\/","title":{"rendered":"Home"},"content":{"rendered":"\n<div class=\"wp-block-cover alignfull is-light\" style=\"min-height:300px;aspect-ratio:unset;\"><img loading=\"lazy\" decoding=\"async\" width=\"1024\" height=\"195\" class=\"wp-block-cover__image-background wp-image-808 size-large\" alt=\"\" src=\"https:\/\/dev.etoiles.fi\/wp-content\/uploads\/2018\/02\/hajunpoisto-1024x195.jpg\" data-object-fit=\"cover\" srcset=\"https:\/\/dev.etoiles.fi\/wp-content\/uploads\/2018\/02\/hajunpoisto-1024x195.jpg 1024w, https:\/\/dev.etoiles.fi\/wp-content\/uploads\/2018\/02\/hajunpoisto-300x57.jpg 300w, https:\/\/dev.etoiles.fi\/wp-content\/uploads\/2018\/02\/hajunpoisto-768x146.jpg 768w, https:\/\/dev.etoiles.fi\/wp-content\/uploads\/2018\/02\/hajunpoisto-1536x292.jpg 1536w, https:\/\/dev.etoiles.fi\/wp-content\/uploads\/2018\/02\/hajunpoisto-260x49.jpg 260w, https:\/\/dev.etoiles.fi\/wp-content\/uploads\/2018\/02\/hajunpoisto-50x10.jpg 50w, https:\/\/dev.etoiles.fi\/wp-content\/uploads\/2018\/02\/hajunpoisto-150x29.jpg 150w, https:\/\/dev.etoiles.fi\/wp-content\/uploads\/2018\/02\/hajunpoisto.jpg 1920w\" sizes=\"auto, (max-width: 1024px) 100vw, 1024px\" \/><span aria-hidden=\"true\" class=\"wp-block-cover__background has-background-dim-0 has-background-dim\"><\/span><div class=\"wp-block-cover__inner-container is-layout-flow wp-block-cover-is-layout-flow\">\n<h1 class=\"wp-block-heading has-text-align-center\"><br>Odor control solutions<\/h1>\n<\/div><\/div>\n\n\n\n<p class=\"has-text-align-center has-luminous-vivid-orange-color has-text-color has-link-color wp-elements-2ed65ac271f3c1150ca09cb1cadaa5e0\">Etoiles is a company specialized in odour removal. We solve disturbing odour problems around wastewater treatment plants and pumping stations, industrial facilities, biogas plants, and properties. OdourMikko activated carbon filters remove odour nuisances efficiently and cost-effectively.<\/p>\n\n\n\n<p class=\"has-text-align-center has-luminous-vivid-orange-color has-text-color has-link-color wp-elements-c4184f349969da6209cd252ddf3ab53b\">We have solid experience of over 15 years in odour removal across thousands of sites.<br>We guarantee satisfaction with the solutions we deliver.<\/p>\n\n\n\n<div class=\"wp-block-uagb-container uagb-block-d0dc1a30 alignfull uagb-is-root-container\"><div class=\"uagb-container-inner-blocks-wrap\">\n<div class=\"wp-block-uagb-container uagb-block-7d050a67\">\n<h2 class=\"wp-block-heading has-black-color has-text-color has-link-color wp-elements-8768474b11123322b634bbc483044a30\" style=\"margin-top:0\">Waste water treatment<br>solutions<\/h2>\n\n\n\n<p class=\"has-text-color has-link-color wp-elements-1923b0e68cb0add7b699fd6805cf0294\" style=\"color:#000000a8;margin-bottom:30px\">Etoiles offers solutions to achieve great odor removal result in waste water pumping stations.<\/p>\n\n\n\n<div class=\"wp-block-uagb-buttons uagb-buttons__outer-wrap uagb-btn__default-btn uagb-btn-tablet__default-btn uagb-btn-mobile__default-btn uagb-block-e5605515\"><div class=\"uagb-buttons__wrap uagb-buttons-layout-wrap \">\n<div class=\"wp-block-uagb-buttons-child uagb-buttons__outer-wrap uagb-block-5053131a wp-block-button\"><div class=\"uagb-button__wrapper\"><a class=\"uagb-buttons-repeater wp-block-button__link\" aria-label=\"\" href=\"\/en\/waste-water-treatment\/\" rel=\"follow noopener\" target=\"_self\" role=\"button\"><div class=\"uagb-button__link\">Odor control for waste water treatment<\/div><\/a><\/div><\/div>\n<\/div><\/div>\n<\/div>\n\n\n\n<div class=\"wp-block-uagb-container uagb-block-f404fae2\">\n<figure class=\"wp-block-image size-large\"><img loading=\"lazy\" decoding=\"async\" width=\"1024\" height=\"1024\" src=\"https:\/\/dev.etoiles.fi\/wp-content\/uploads\/2026\/03\/puhdistamot-ja-pumppaamot-etusivu-1024x1024.jpg\" alt=\"\" class=\"wp-image-1763\" srcset=\"https:\/\/dev.etoiles.fi\/wp-content\/uploads\/2026\/03\/puhdistamot-ja-pumppaamot-etusivu-1024x1024.jpg 1024w, https:\/\/dev.etoiles.fi\/wp-content\/uploads\/2026\/03\/puhdistamot-ja-pumppaamot-etusivu-300x300.jpg 300w, https:\/\/dev.etoiles.fi\/wp-content\/uploads\/2026\/03\/puhdistamot-ja-pumppaamot-etusivu-150x150.jpg 150w, https:\/\/dev.etoiles.fi\/wp-content\/uploads\/2026\/03\/puhdistamot-ja-pumppaamot-etusivu-768x768.jpg 768w, https:\/\/dev.etoiles.fi\/wp-content\/uploads\/2026\/03\/puhdistamot-ja-pumppaamot-etusivu.jpg 1200w\" sizes=\"auto, (max-width: 1024px) 100vw, 1024px\" \/><\/figure>\n<\/div>\n<\/div><\/div>\n\n\n\n<div class=\"wp-block-uagb-container uagb-block-7b370fb6 alignfull uagb-is-root-container\"><div class=\"uagb-container-inner-blocks-wrap\">\n<div class=\"wp-block-uagb-container uagb-block-55f2f7fb\">\n<figure class=\"wp-block-image size-large\"><img loading=\"lazy\" decoding=\"async\" width=\"1024\" height=\"1024\" src=\"https:\/\/dev.etoiles.fi\/wp-content\/uploads\/2026\/03\/sinista-taivasta-teollisuuteen-1024x1024.jpg\" alt=\"\" class=\"wp-image-1653\" srcset=\"https:\/\/dev.etoiles.fi\/wp-content\/uploads\/2026\/03\/sinista-taivasta-teollisuuteen-1024x1024.jpg 1024w, https:\/\/dev.etoiles.fi\/wp-content\/uploads\/2026\/03\/sinista-taivasta-teollisuuteen-300x300.jpg 300w, https:\/\/dev.etoiles.fi\/wp-content\/uploads\/2026\/03\/sinista-taivasta-teollisuuteen-150x150.jpg 150w, https:\/\/dev.etoiles.fi\/wp-content\/uploads\/2026\/03\/sinista-taivasta-teollisuuteen-768x768.jpg 768w, https:\/\/dev.etoiles.fi\/wp-content\/uploads\/2026\/03\/sinista-taivasta-teollisuuteen-1536x1536.jpg 1536w, https:\/\/dev.etoiles.fi\/wp-content\/uploads\/2026\/03\/sinista-taivasta-teollisuuteen-2048x2048.jpg 2048w\" sizes=\"auto, (max-width: 1024px) 100vw, 1024px\" \/><\/figure>\n<\/div>\n\n\n\n<div class=\"wp-block-uagb-container uagb-block-930ebebb\">\n<h2 class=\"wp-block-heading has-black-color has-text-color has-link-color wp-elements-87544a069c63eff46ae0fc841d1363f0\" style=\"margin-top:0\">Waste management<br>solutions for industrial and waste management<\/h2>\n\n\n\n<p class=\"has-text-color has-link-color wp-elements-b85d2408c302e94e5933d065c4c8d381\" style=\"color:#000000a8;margin-bottom:30px\">Etoiles offers solutions to achieve great odor removal result in waste management plants, waste rooms and compactors\u2019 air processing.<\/p>\n\n\n\n<div class=\"wp-block-uagb-buttons uagb-buttons__outer-wrap uagb-btn__default-btn uagb-btn-tablet__default-btn uagb-btn-mobile__default-btn uagb-block-74392147\"><div class=\"uagb-buttons__wrap uagb-buttons-layout-wrap \">\n<div class=\"wp-block-uagb-buttons-child uagb-buttons__outer-wrap uagb-block-d04d1a1d wp-block-button\"><div class=\"uagb-button__wrapper\"><a class=\"uagb-buttons-repeater wp-block-button__link\" aria-label=\"\" href=\"\/en\/for-business\/\" rel=\"follow noopener\" target=\"_self\" role=\"button\"><div class=\"uagb-button__link\">Odor control for industrial and waste management<\/div><\/a><\/div><\/div>\n<\/div><\/div>\n<\/div>\n<\/div><\/div>\n\n\n\n<h6 class=\"wp-block-heading\"><strong>Etel\u00e4-savon Vuoden yksinyritt\u00e4j\u00e4&nbsp;2024<\/strong><\/h6>\n\n\n\n<figure class=\"wp-block-image alignleft is-resized\"><img loading=\"lazy\" decoding=\"async\" width=\"1024\" height=\"682\" src=\"https:\/\/www.etoiles.fi\/wp-content\/uploads\/2025\/01\/Etela-savon_Vuoden_yksinyrittaja_2024-1024x682.jpg\" alt=\"\" class=\"wp-image-1620\" style=\"width:360px;height:auto\" srcset=\"https:\/\/dev.etoiles.fi\/wp-content\/uploads\/2025\/01\/Etela-savon_Vuoden_yksinyrittaja_2024-1024x682.jpg 1024w, https:\/\/dev.etoiles.fi\/wp-content\/uploads\/2025\/01\/Etela-savon_Vuoden_yksinyrittaja_2024-300x200.jpg 300w, https:\/\/dev.etoiles.fi\/wp-content\/uploads\/2025\/01\/Etela-savon_Vuoden_yksinyrittaja_2024-768x511.jpg 768w, https:\/\/dev.etoiles.fi\/wp-content\/uploads\/2025\/01\/Etela-savon_Vuoden_yksinyrittaja_2024-113x75.jpg 113w, https:\/\/dev.etoiles.fi\/wp-content\/uploads\/2025\/01\/Etela-savon_Vuoden_yksinyrittaja_2024-480x320.jpg 480w, https:\/\/dev.etoiles.fi\/wp-content\/uploads\/2025\/01\/Etela-savon_Vuoden_yksinyrittaja_2024.jpg 1440w\" sizes=\"auto, (max-width: 1024px) 100vw, 1024px\" \/><\/figure>\n\n\n\n<div style=\"height:25px\" aria-hidden=\"true\" class=\"wp-block-spacer\"><\/div>\n\n\n\n<div class=\"wp-block-uagb-container uag-hide-desktop uag-hide-tab uag-hide-mob uagb-block-3f30cb36 alignfull uagb-is-root-container\"><div class=\"uagb-container-inner-blocks-wrap\">\n<div class=\"wp-block-uagb-container uagb-block-0cef1bbb\">\n<figure class=\"wp-block-image size-full\"><img loading=\"lazy\" decoding=\"async\" width=\"750\" height=\"750\" src=\"https:\/\/dev.etoiles.fi\/wp-content\/uploads\/2026\/03\/odour-nelio.jpg\" alt=\"\" class=\"wp-image-1762\" srcset=\"https:\/\/dev.etoiles.fi\/wp-content\/uploads\/2026\/03\/odour-nelio.jpg 750w, https:\/\/dev.etoiles.fi\/wp-content\/uploads\/2026\/03\/odour-nelio-300x300.jpg 300w, https:\/\/dev.etoiles.fi\/wp-content\/uploads\/2026\/03\/odour-nelio-150x150.jpg 150w\" sizes=\"auto, (max-width: 750px) 100vw, 750px\" \/><\/figure>\n<\/div>\n\n\n\n<div class=\"wp-block-uagb-container uagb-block-d071d871\">\n<h2 class=\"wp-block-heading has-black-color has-text-color has-link-color wp-elements-e60fe451f5b07f2aeb59e62c3d806165\" style=\"margin-top:0\">Waste management<br>solutions<\/h2>\n\n\n\n<p class=\"has-palette-color-4-color has-text-color has-link-color wp-elements-be4b469322f15ce85ff991bedd238e60\">Etoiles offers solutions to achieve great odor removal result in waste management plants, waste rooms and compactors\u2019 air processing.<\/p>\n\n\n\n<p class=\"has-black-color has-text-color has-link-color wp-elements-898bce135eb0c10b7a2082f043f35f9e\" style=\"font-style:normal;font-weight:500\"><a href=\"https:\/\/dev.etoiles.fi\/jatteenkasittely\/\" type=\"page\" id=\"198\">Hajunpoistoratkaisut<br>j\u00e4tteidenk\u00e4sittelyyn<\/a> <a href=\"#\"> \u2192<\/a><\/p>\n<\/div>\n<\/div><\/div>\n","protected":false},"excerpt":{"rendered":"<p>Etoiles is a company specialized in odour removal. We solve disturbing odour problems around wastewater treatment plants and pumping stations, industrial facilities, biogas plants, and properties. OdourMikko activated carbon filters remove odour nuisances efficiently and cost-effectively. We have solid experience of over 15 years in odour removal across thousands of sites.We guarantee satisfaction with the [&hellip;]<\/p>\n","protected":false},"author":2,"featured_media":0,"parent":0,"menu_order":0,"comment_status":"closed","ping_status":"closed","template":"","meta":{"_uag_custom_page_level_css":"","footnotes":""},"class_list":["post-78","page","type-page","status-publish","hentry"],"blocksy_meta":[],"yoast_head":"<!-- This site is optimized with the Yoast SEO plugin v27.5 - https:\/\/yoast.com\/product\/yoast-seo-wordpress\/ -->\n<title>Home - Etoiles<\/title>\n<meta name=\"robots\" content=\"noindex, follow, max-snippet:-1, max-image-preview:large, max-video-preview:-1\" \/>\n<meta property=\"og:locale\" content=\"en_US\" \/>\n<meta property=\"og:type\" content=\"article\" \/>\n<meta property=\"og:title\" content=\"Home - Etoiles\" \/>\n<meta property=\"og:description\" content=\"Etoiles is a company specialized in odour removal. We solve disturbing odour problems around wastewater treatment plants and pumping stations, industrial facilities, biogas plants, and properties. OdourMikko activated carbon filters remove odour nuisances efficiently and cost-effectively. We have solid experience of over 15 years in odour removal across thousands of sites.We guarantee satisfaction with the [&hellip;]\" \/>\n<meta property=\"og:url\" content=\"https:\/\/dev.etoiles.fi\/en\/\" \/>\n<meta property=\"og:site_name\" content=\"Etoiles\" \/>\n<meta property=\"article:modified_time\" content=\"2026-03-16T13:53:03+00:00\" \/>\n<meta property=\"og:image\" content=\"https:\/\/dev.etoiles.fi\/wp-content\/uploads\/2018\/02\/hajunpoisto.jpg\" \/>\n\t<meta property=\"og:image:width\" content=\"1920\" \/>\n\t<meta property=\"og:image:height\" content=\"365\" \/>\n\t<meta property=\"og:image:type\" content=\"image\/jpeg\" \/>\n<meta name=\"twitter:card\" content=\"summary_large_image\" \/>\n<meta name=\"twitter:label1\" content=\"Est. reading time\" \/>\n\t<meta name=\"twitter:data1\" content=\"2 minutes\" \/>\n<script type=\"application\/ld+json\" class=\"yoast-schema-graph\">{\"@context\":\"https:\\\/\\\/schema.org\",\"@graph\":[{\"@type\":\"WebPage\",\"@id\":\"https:\\\/\\\/dev.etoiles.fi\\\/en\\\/\",\"url\":\"https:\\\/\\\/dev.etoiles.fi\\\/en\\\/\",\"name\":\"Home - Etoiles\",\"isPartOf\":{\"@id\":\"https:\\\/\\\/dev.etoiles.fi\\\/#website\"},\"primaryImageOfPage\":{\"@id\":\"https:\\\/\\\/dev.etoiles.fi\\\/en\\\/#primaryimage\"},\"image\":{\"@id\":\"https:\\\/\\\/dev.etoiles.fi\\\/en\\\/#primaryimage\"},\"thumbnailUrl\":\"https:\\\/\\\/dev.etoiles.fi\\\/wp-content\\\/uploads\\\/2018\\\/02\\\/hajunpoisto-1024x195.jpg\",\"datePublished\":\"2014-12-22T10:57:01+00:00\",\"dateModified\":\"2026-03-16T13:53:03+00:00\",\"breadcrumb\":{\"@id\":\"https:\\\/\\\/dev.etoiles.fi\\\/en\\\/#breadcrumb\"},\"inLanguage\":\"en-US\",\"potentialAction\":[{\"@type\":\"ReadAction\",\"target\":[\"https:\\\/\\\/dev.etoiles.fi\\\/en\\\/\"]}]},{\"@type\":\"ImageObject\",\"inLanguage\":\"en-US\",\"@id\":\"https:\\\/\\\/dev.etoiles.fi\\\/en\\\/#primaryimage\",\"url\":\"https:\\\/\\\/dev.etoiles.fi\\\/wp-content\\\/uploads\\\/2018\\\/02\\\/hajunpoisto-1024x195.jpg\",\"contentUrl\":\"https:\\\/\\\/dev.etoiles.fi\\\/wp-content\\\/uploads\\\/2018\\\/02\\\/hajunpoisto-1024x195.jpg\"},{\"@type\":\"BreadcrumbList\",\"@id\":\"https:\\\/\\\/dev.etoiles.fi\\\/en\\\/#breadcrumb\",\"itemListElement\":[{\"@type\":\"ListItem\",\"position\":1,\"name\":\"Home\",\"item\":\"https:\\\/\\\/dev.etoiles.fi\\\/en\\\/\"},{\"@type\":\"ListItem\",\"position\":2,\"name\":\"Home\"}]},{\"@type\":\"WebSite\",\"@id\":\"https:\\\/\\\/dev.etoiles.fi\\\/#website\",\"url\":\"https:\\\/\\\/dev.etoiles.fi\\\/\",\"name\":\"Etoiles\",\"description\":\"Hajunpoistoratkaisut j&auml;teveden ja j&auml;tteenk&auml;sittelyyn ja teollisuuteen\",\"publisher\":{\"@id\":\"https:\\\/\\\/dev.etoiles.fi\\\/#organization\"},\"potentialAction\":[{\"@type\":\"SearchAction\",\"target\":{\"@type\":\"EntryPoint\",\"urlTemplate\":\"https:\\\/\\\/dev.etoiles.fi\\\/?s={search_term_string}\"},\"query-input\":{\"@type\":\"PropertyValueSpecification\",\"valueRequired\":true,\"valueName\":\"search_term_string\"}}],\"inLanguage\":\"en-US\"},{\"@type\":\"Organization\",\"@id\":\"https:\\\/\\\/dev.etoiles.fi\\\/#organization\",\"name\":\"Etoiles\",\"url\":\"https:\\\/\\\/dev.etoiles.fi\\\/\",\"logo\":{\"@type\":\"ImageObject\",\"inLanguage\":\"en-US\",\"@id\":\"https:\\\/\\\/dev.etoiles.fi\\\/#\\\/schema\\\/logo\\\/image\\\/\",\"url\":\"https:\\\/\\\/dev.etoiles.fi\\\/wp-content\\\/uploads\\\/2018\\\/02\\\/etoileswhite_new_pieni.png\",\"contentUrl\":\"https:\\\/\\\/dev.etoiles.fi\\\/wp-content\\\/uploads\\\/2018\\\/02\\\/etoileswhite_new_pieni.png\",\"width\":350,\"height\":83,\"caption\":\"Etoiles\"},\"image\":{\"@id\":\"https:\\\/\\\/dev.etoiles.fi\\\/#\\\/schema\\\/logo\\\/image\\\/\"}}]}<\/script>\n<!-- \/ Yoast SEO plugin. -->","yoast_head_json":{"title":"Home - Etoiles","robots":{"index":"noindex","follow":"follow","max-snippet":"max-snippet:-1","max-image-preview":"max-image-preview:large","max-video-preview":"max-video-preview:-1"},"og_locale":"en_US","og_type":"article","og_title":"Home - Etoiles","og_description":"Etoiles is a company specialized in odour removal. We solve disturbing odour problems around wastewater treatment plants and pumping stations, industrial facilities, biogas plants, and properties. OdourMikko activated carbon filters remove odour nuisances efficiently and cost-effectively. We have solid experience of over 15 years in odour removal across thousands of sites.We guarantee satisfaction with the [&hellip;]","og_url":"https:\/\/dev.etoiles.fi\/en\/","og_site_name":"Etoiles","article_modified_time":"2026-03-16T13:53:03+00:00","og_image":[{"width":1920,"height":365,"url":"https:\/\/dev.etoiles.fi\/wp-content\/uploads\/2018\/02\/hajunpoisto.jpg","type":"image\/jpeg"}],"twitter_card":"summary_large_image","twitter_misc":{"Est. reading time":"2 minutes"},"schema":{"@context":"https:\/\/schema.org","@graph":[{"@type":"WebPage","@id":"https:\/\/dev.etoiles.fi\/en\/","url":"https:\/\/dev.etoiles.fi\/en\/","name":"Home - Etoiles","isPartOf":{"@id":"https:\/\/dev.etoiles.fi\/#website"},"primaryImageOfPage":{"@id":"https:\/\/dev.etoiles.fi\/en\/#primaryimage"},"image":{"@id":"https:\/\/dev.etoiles.fi\/en\/#primaryimage"},"thumbnailUrl":"https:\/\/dev.etoiles.fi\/wp-content\/uploads\/2018\/02\/hajunpoisto-1024x195.jpg","datePublished":"2014-12-22T10:57:01+00:00","dateModified":"2026-03-16T13:53:03+00:00","breadcrumb":{"@id":"https:\/\/dev.etoiles.fi\/en\/#breadcrumb"},"inLanguage":"en-US","potentialAction":[{"@type":"ReadAction","target":["https:\/\/dev.etoiles.fi\/en\/"]}]},{"@type":"ImageObject","inLanguage":"en-US","@id":"https:\/\/dev.etoiles.fi\/en\/#primaryimage","url":"https:\/\/dev.etoiles.fi\/wp-content\/uploads\/2018\/02\/hajunpoisto-1024x195.jpg","contentUrl":"https:\/\/dev.etoiles.fi\/wp-content\/uploads\/2018\/02\/hajunpoisto-1024x195.jpg"},{"@type":"BreadcrumbList","@id":"https:\/\/dev.etoiles.fi\/en\/#breadcrumb","itemListElement":[{"@type":"ListItem","position":1,"name":"Home","item":"https:\/\/dev.etoiles.fi\/en\/"},{"@type":"ListItem","position":2,"name":"Home"}]},{"@type":"WebSite","@id":"https:\/\/dev.etoiles.fi\/#website","url":"https:\/\/dev.etoiles.fi\/","name":"Etoiles","description":"Hajunpoistoratkaisut j&auml;teveden ja j&auml;tteenk&auml;sittelyyn ja teollisuuteen","publisher":{"@id":"https:\/\/dev.etoiles.fi\/#organization"},"potentialAction":[{"@type":"SearchAction","target":{"@type":"EntryPoint","urlTemplate":"https:\/\/dev.etoiles.fi\/?s={search_term_string}"},"query-input":{"@type":"PropertyValueSpecification","valueRequired":true,"valueName":"search_term_string"}}],"inLanguage":"en-US"},{"@type":"Organization","@id":"https:\/\/dev.etoiles.fi\/#organization","name":"Etoiles","url":"https:\/\/dev.etoiles.fi\/","logo":{"@type":"ImageObject","inLanguage":"en-US","@id":"https:\/\/dev.etoiles.fi\/#\/schema\/logo\/image\/","url":"https:\/\/dev.etoiles.fi\/wp-content\/uploads\/2018\/02\/etoileswhite_new_pieni.png","contentUrl":"https:\/\/dev.etoiles.fi\/wp-content\/uploads\/2018\/02\/etoileswhite_new_pieni.png","width":350,"height":83,"caption":"Etoiles"},"image":{"@id":"https:\/\/dev.etoiles.fi\/#\/schema\/logo\/image\/"}}]}},"uagb_featured_image_src":{"full":false,"thumbnail":false,"medium":false,"medium_large":false,"large":false,"1536x1536":false,"2048x2048":false},"uagb_author_info":{"display_name":"SulkaSuunnittelu","author_link":"https:\/\/dev.etoiles.fi\/en\/author\/mikko\/"},"uagb_comment_info":0,"uagb_excerpt":"Etoiles is a company specialized in odour removal. We solve disturbing odour problems around wastewater treatment plants and pumping stations, industrial facilities, biogas plants, and properties. OdourMikko activated carbon filters remove odour nuisances efficiently and cost-effectively. We have solid experience of over 15 years in odour removal across thousands of sites.We guarantee satisfaction with the&hellip;","_links":{"self":[{"href":"https:\/\/dev.etoiles.fi\/en\/wp-json\/wp\/v2\/pages\/78","targetHints":{"allow":["GET"]}}],"collection":[{"href":"https:\/\/dev.etoiles.fi\/en\/wp-json\/wp\/v2\/pages"}],"about":[{"href":"https:\/\/dev.etoiles.fi\/en\/wp-json\/wp\/v2\/types\/page"}],"author":[{"embeddable":true,"href":"https:\/\/dev.etoiles.fi\/en\/wp-json\/wp\/v2\/users\/2"}],"replies":[{"embeddable":true,"href":"https:\/\/dev.etoiles.fi\/en\/wp-json\/wp\/v2\/comments?post=78"}],"version-history":[{"count":5,"href":"https:\/\/dev.etoiles.fi\/en\/wp-json\/wp\/v2\/pages\/78\/revisions"}],"predecessor-version":[{"id":1850,"href":"https:\/\/dev.etoiles.fi\/en\/wp-json\/wp\/v2\/pages\/78\/revisions\/1850"}],"wp:attachment":[{"href":"https:\/\/dev.etoiles.fi\/en\/wp-json\/wp\/v2\/media?parent=78"}],"curies":[{"name":"wp","href":"https:\/\/api.w.org\/{rel}","templated":true}]}}