{"id":588,"date":"2019-01-07T10:23:13","date_gmt":"2019-01-07T08:23:13","guid":{"rendered":"http:\/\/www.etoiles.fi\/?page_id=588"},"modified":"2026-03-16T15:16:09","modified_gmt":"2026-03-16T13:16:09","slug":"activated-carbon","status":"publish","type":"page","link":"https:\/\/dev.etoiles.fi\/en\/activated-carbon\/","title":{"rendered":"Activated carbon"},"content":{"rendered":"\n<div class=\"wp-block-cover alignfull\" style=\"min-height:300px;aspect-ratio:unset;\"><img loading=\"lazy\" decoding=\"async\" width=\"1920\" height=\"1280\" class=\"wp-block-cover__image-background wp-image-1809 size-full\" alt=\"\" src=\"https:\/\/dev.etoiles.fi\/wp-content\/uploads\/2026\/03\/aktiivi-hiilta-header.jpg\" data-object-fit=\"cover\" srcset=\"https:\/\/dev.etoiles.fi\/wp-content\/uploads\/2026\/03\/aktiivi-hiilta-header.jpg 1920w, https:\/\/dev.etoiles.fi\/wp-content\/uploads\/2026\/03\/aktiivi-hiilta-header-300x200.jpg 300w, https:\/\/dev.etoiles.fi\/wp-content\/uploads\/2026\/03\/aktiivi-hiilta-header-1024x683.jpg 1024w, https:\/\/dev.etoiles.fi\/wp-content\/uploads\/2026\/03\/aktiivi-hiilta-header-768x512.jpg 768w, https:\/\/dev.etoiles.fi\/wp-content\/uploads\/2026\/03\/aktiivi-hiilta-header-1536x1024.jpg 1536w\" sizes=\"auto, (max-width: 1920px) 100vw, 1920px\" \/><span aria-hidden=\"true\" class=\"wp-block-cover__background has-background-dim-0 has-background-dim\"><\/span><div class=\"wp-block-cover__inner-container is-layout-flow wp-block-cover-is-layout-flow\">\n<h1 class=\"wp-block-heading has-text-align-center has-white-color has-text-color has-link-color wp-elements-1d117fd1b4720a68abed5cee8590051e\">Activated carbon<\/h1>\n<\/div><\/div>\n\n\n\n<p>&nbsp;<\/p>\n\n\n\n<p>We deliver all kinds of activated carbons which are suitable exactly for your needs. Activated carbons can be used for odor removal for example in waste water pumping stations and waste water treatment plants. In addition we deliver carbons to biogas plants and many other targets.<\/p>\n\n\n\n<figure class=\"wp-block-image alignright\"><a href=\"https:\/\/www.etoiles.fi\/wp-content\/uploads\/2018\/11\/donaugarbon_aktiivihiili-e1542738369799.jpg\"><img decoding=\"async\" src=\"https:\/\/www.etoiles.fi\/wp-content\/uploads\/2018\/11\/donaugarbon_aktiivihiili-300x150.jpg\" alt=\"\" class=\"wp-image-538\"\/><\/a><\/figure>\n\n\n\n<p>Our partner is Donau Carbon, who have long distance experience behind. Over 100 Year. <\/p>\n\n\n\n<p>We have Activated carbon to:<br>\u2013 Drinking water purification<br>\u2013 Adsorption of solute organic matter<br>\u2013 Dechlorination, Deozonation<br>\u2013 Groundwater clean up<br>\u2013 Service water treatment<br>\u2013 Boiler feed water treatment<br>\u2013 Condensate and contact water treatment<br>\u2013 Swimming pool water treatment<br>\u2013 Aquarium water treatment<br>\u2013 Waste water and sewage treatment<br>\u2013 Landfill seepage treatment<br>+ Other.<\/p>\n\n\n\n<p>Raw material may be charcoal, bituminous coal, wood, coconut shells, olive stones, fruit stones, peat etc.<\/p>\n\n\n\n<p><strong>The most common product forms of activated carbon include:<\/strong><br>\u2022 extruded (usually in the form of cylindrical pellets)<br>\u2022 broken (granular or broken activated carbon)<br>\u2022 powder (in specified particle sizes)<\/p>\n\n\n\n<p><strong>Apart from our own laboratory test procedures, international testing standards are given high priority, particularly the methods recommended by such bodies as<\/strong><\/p>\n\n\n\n<p><br>\u2022 ASTM (American Society for Testing and Materials),<br>\u2022 AWWA (American Water Works Association) und<br>\u2022 CEFIC (Conseil Europ\u00e9en des F\u00e9d\u00e9rations de l\u2019Industrie Chimique)<br>Also applicable to the grading of carbons used in water purification are the regulations contained in<br>\u2022 European Standard (DIN EN \/ CEN Comit\u00e9 Europ\u00e9en de Normalisation) and<br>\u2022 FCC (Food Chemicals Codex IV Edition 1996).<br>Further technical documents and samples will be provided upon request.<\/p>\n\n\n\n<p><a href=\"https:\/\/www.etoiles.fi\/wp-content\/uploads\/2018\/11\/Iso9001.jpg\"><img loading=\"lazy\" decoding=\"async\" class=\"alignnone wp-image-552 size-medium\" src=\"https:\/\/www.etoiles.fi\/wp-content\/uploads\/2018\/11\/Iso9001-300x152.jpg\" alt=\"\" width=\"300\" height=\"152\" srcset=\"https:\/\/dev.etoiles.fi\/wp-content\/uploads\/2018\/11\/Iso9001-300x152.jpg 300w, https:\/\/dev.etoiles.fi\/wp-content\/uploads\/2018\/11\/Iso9001-260x132.jpg 260w, https:\/\/dev.etoiles.fi\/wp-content\/uploads\/2018\/11\/Iso9001-50x25.jpg 50w, https:\/\/dev.etoiles.fi\/wp-content\/uploads\/2018\/11\/Iso9001-148x75.jpg 148w, https:\/\/dev.etoiles.fi\/wp-content\/uploads\/2018\/11\/Iso9001.jpg 717w\" sizes=\"auto, (max-width: 300px) 100vw, 300px\" \/><\/a>[\/vc_column_text][\/vc_column]<\/p>\n","protected":false},"excerpt":{"rendered":"<p>&nbsp; We deliver all kinds of activated carbons which are suitable exactly for your needs. Activated carbons can be used for odor removal for example in waste water pumping stations and waste water treatment plants. In addition we deliver carbons to biogas plants and many other targets. Our partner is Donau Carbon, who have long [&hellip;]<\/p>\n","protected":false},"author":2,"featured_media":1811,"parent":0,"menu_order":70,"comment_status":"closed","ping_status":"closed","template":"","meta":{"_uag_custom_page_level_css":"","footnotes":""},"class_list":["post-588","page","type-page","status-publish","has-post-thumbnail","hentry"],"blocksy_meta":[],"yoast_head":"<!-- This site is optimized with the Yoast SEO plugin v27.5 - https:\/\/yoast.com\/product\/yoast-seo-wordpress\/ -->\n<title>Activated carbon - Etoiles<\/title>\n<meta name=\"robots\" content=\"noindex, follow, max-snippet:-1, max-image-preview:large, max-video-preview:-1\" \/>\n<meta property=\"og:locale\" content=\"en_US\" \/>\n<meta property=\"og:type\" content=\"article\" \/>\n<meta property=\"og:title\" content=\"Activated carbon - Etoiles\" \/>\n<meta property=\"og:description\" content=\"&nbsp; We deliver all kinds of activated carbons which are suitable exactly for your needs. Activated carbons can be used for odor removal for example in waste water pumping stations and waste water treatment plants. In addition we deliver carbons to biogas plants and many other targets. Our partner is Donau Carbon, who have long [&hellip;]\" \/>\n<meta property=\"og:url\" content=\"https:\/\/dev.etoiles.fi\/en\/activated-carbon\/\" \/>\n<meta property=\"og:site_name\" content=\"Etoiles\" \/>\n<meta property=\"article:modified_time\" content=\"2026-03-16T13:16:09+00:00\" \/>\n<meta property=\"og:image\" content=\"https:\/\/dev.etoiles.fi\/wp-content\/uploads\/2026\/03\/aktiivi-hiilta-header-1.jpg\" \/>\n\t<meta property=\"og:image:width\" content=\"1920\" \/>\n\t<meta property=\"og:image:height\" content=\"1280\" \/>\n\t<meta property=\"og:image:type\" content=\"image\/jpeg\" \/>\n<meta name=\"twitter:card\" content=\"summary_large_image\" \/>\n<meta name=\"twitter:label1\" content=\"Est. reading time\" \/>\n\t<meta name=\"twitter:data1\" content=\"3 minutes\" \/>\n<script type=\"application\/ld+json\" class=\"yoast-schema-graph\">{\"@context\":\"https:\\\/\\\/schema.org\",\"@graph\":[{\"@type\":\"WebPage\",\"@id\":\"https:\\\/\\\/dev.etoiles.fi\\\/en\\\/activated-carbon\\\/\",\"url\":\"https:\\\/\\\/dev.etoiles.fi\\\/en\\\/activated-carbon\\\/\",\"name\":\"Activated carbon - Etoiles\",\"isPartOf\":{\"@id\":\"https:\\\/\\\/dev.etoiles.fi\\\/#website\"},\"primaryImageOfPage\":{\"@id\":\"https:\\\/\\\/dev.etoiles.fi\\\/en\\\/activated-carbon\\\/#primaryimage\"},\"image\":{\"@id\":\"https:\\\/\\\/dev.etoiles.fi\\\/en\\\/activated-carbon\\\/#primaryimage\"},\"thumbnailUrl\":\"https:\\\/\\\/dev.etoiles.fi\\\/wp-content\\\/uploads\\\/2026\\\/03\\\/aktiivi-hiilta-header-1.jpg\",\"datePublished\":\"2019-01-07T08:23:13+00:00\",\"dateModified\":\"2026-03-16T13:16:09+00:00\",\"breadcrumb\":{\"@id\":\"https:\\\/\\\/dev.etoiles.fi\\\/en\\\/activated-carbon\\\/#breadcrumb\"},\"inLanguage\":\"en-US\",\"potentialAction\":[{\"@type\":\"ReadAction\",\"target\":[\"https:\\\/\\\/dev.etoiles.fi\\\/en\\\/activated-carbon\\\/\"]}]},{\"@type\":\"ImageObject\",\"inLanguage\":\"en-US\",\"@id\":\"https:\\\/\\\/dev.etoiles.fi\\\/en\\\/activated-carbon\\\/#primaryimage\",\"url\":\"https:\\\/\\\/dev.etoiles.fi\\\/wp-content\\\/uploads\\\/2026\\\/03\\\/aktiivi-hiilta-header-1.jpg\",\"contentUrl\":\"https:\\\/\\\/dev.etoiles.fi\\\/wp-content\\\/uploads\\\/2026\\\/03\\\/aktiivi-hiilta-header-1.jpg\",\"width\":1920,\"height\":1280},{\"@type\":\"BreadcrumbList\",\"@id\":\"https:\\\/\\\/dev.etoiles.fi\\\/en\\\/activated-carbon\\\/#breadcrumb\",\"itemListElement\":[{\"@type\":\"ListItem\",\"position\":1,\"name\":\"Home\",\"item\":\"https:\\\/\\\/dev.etoiles.fi\\\/en\\\/\"},{\"@type\":\"ListItem\",\"position\":2,\"name\":\"Activated carbon\"}]},{\"@type\":\"WebSite\",\"@id\":\"https:\\\/\\\/dev.etoiles.fi\\\/#website\",\"url\":\"https:\\\/\\\/dev.etoiles.fi\\\/\",\"name\":\"Etoiles\",\"description\":\"Hajunpoistoratkaisut j&auml;teveden ja j&auml;tteenk&auml;sittelyyn ja teollisuuteen\",\"publisher\":{\"@id\":\"https:\\\/\\\/dev.etoiles.fi\\\/#organization\"},\"potentialAction\":[{\"@type\":\"SearchAction\",\"target\":{\"@type\":\"EntryPoint\",\"urlTemplate\":\"https:\\\/\\\/dev.etoiles.fi\\\/?s={search_term_string}\"},\"query-input\":{\"@type\":\"PropertyValueSpecification\",\"valueRequired\":true,\"valueName\":\"search_term_string\"}}],\"inLanguage\":\"en-US\"},{\"@type\":\"Organization\",\"@id\":\"https:\\\/\\\/dev.etoiles.fi\\\/#organization\",\"name\":\"Etoiles\",\"url\":\"https:\\\/\\\/dev.etoiles.fi\\\/\",\"logo\":{\"@type\":\"ImageObject\",\"inLanguage\":\"en-US\",\"@id\":\"https:\\\/\\\/dev.etoiles.fi\\\/#\\\/schema\\\/logo\\\/image\\\/\",\"url\":\"https:\\\/\\\/dev.etoiles.fi\\\/wp-content\\\/uploads\\\/2018\\\/02\\\/etoileswhite_new_pieni.png\",\"contentUrl\":\"https:\\\/\\\/dev.etoiles.fi\\\/wp-content\\\/uploads\\\/2018\\\/02\\\/etoileswhite_new_pieni.png\",\"width\":350,\"height\":83,\"caption\":\"Etoiles\"},\"image\":{\"@id\":\"https:\\\/\\\/dev.etoiles.fi\\\/#\\\/schema\\\/logo\\\/image\\\/\"}}]}<\/script>\n<!-- \/ Yoast SEO plugin. -->","yoast_head_json":{"title":"Activated carbon - Etoiles","robots":{"index":"noindex","follow":"follow","max-snippet":"max-snippet:-1","max-image-preview":"max-image-preview:large","max-video-preview":"max-video-preview:-1"},"og_locale":"en_US","og_type":"article","og_title":"Activated carbon - Etoiles","og_description":"&nbsp; We deliver all kinds of activated carbons which are suitable exactly for your needs. Activated carbons can be used for odor removal for example in waste water pumping stations and waste water treatment plants. In addition we deliver carbons to biogas plants and many other targets. Our partner is Donau Carbon, who have long [&hellip;]","og_url":"https:\/\/dev.etoiles.fi\/en\/activated-carbon\/","og_site_name":"Etoiles","article_modified_time":"2026-03-16T13:16:09+00:00","og_image":[{"width":1920,"height":1280,"url":"https:\/\/dev.etoiles.fi\/wp-content\/uploads\/2026\/03\/aktiivi-hiilta-header-1.jpg","type":"image\/jpeg"}],"twitter_card":"summary_large_image","twitter_misc":{"Est. reading time":"3 minutes"},"schema":{"@context":"https:\/\/schema.org","@graph":[{"@type":"WebPage","@id":"https:\/\/dev.etoiles.fi\/en\/activated-carbon\/","url":"https:\/\/dev.etoiles.fi\/en\/activated-carbon\/","name":"Activated carbon - Etoiles","isPartOf":{"@id":"https:\/\/dev.etoiles.fi\/#website"},"primaryImageOfPage":{"@id":"https:\/\/dev.etoiles.fi\/en\/activated-carbon\/#primaryimage"},"image":{"@id":"https:\/\/dev.etoiles.fi\/en\/activated-carbon\/#primaryimage"},"thumbnailUrl":"https:\/\/dev.etoiles.fi\/wp-content\/uploads\/2026\/03\/aktiivi-hiilta-header-1.jpg","datePublished":"2019-01-07T08:23:13+00:00","dateModified":"2026-03-16T13:16:09+00:00","breadcrumb":{"@id":"https:\/\/dev.etoiles.fi\/en\/activated-carbon\/#breadcrumb"},"inLanguage":"en-US","potentialAction":[{"@type":"ReadAction","target":["https:\/\/dev.etoiles.fi\/en\/activated-carbon\/"]}]},{"@type":"ImageObject","inLanguage":"en-US","@id":"https:\/\/dev.etoiles.fi\/en\/activated-carbon\/#primaryimage","url":"https:\/\/dev.etoiles.fi\/wp-content\/uploads\/2026\/03\/aktiivi-hiilta-header-1.jpg","contentUrl":"https:\/\/dev.etoiles.fi\/wp-content\/uploads\/2026\/03\/aktiivi-hiilta-header-1.jpg","width":1920,"height":1280},{"@type":"BreadcrumbList","@id":"https:\/\/dev.etoiles.fi\/en\/activated-carbon\/#breadcrumb","itemListElement":[{"@type":"ListItem","position":1,"name":"Home","item":"https:\/\/dev.etoiles.fi\/en\/"},{"@type":"ListItem","position":2,"name":"Activated carbon"}]},{"@type":"WebSite","@id":"https:\/\/dev.etoiles.fi\/#website","url":"https:\/\/dev.etoiles.fi\/","name":"Etoiles","description":"Hajunpoistoratkaisut j&auml;teveden ja j&auml;tteenk&auml;sittelyyn ja teollisuuteen","publisher":{"@id":"https:\/\/dev.etoiles.fi\/#organization"},"potentialAction":[{"@type":"SearchAction","target":{"@type":"EntryPoint","urlTemplate":"https:\/\/dev.etoiles.fi\/?s={search_term_string}"},"query-input":{"@type":"PropertyValueSpecification","valueRequired":true,"valueName":"search_term_string"}}],"inLanguage":"en-US"},{"@type":"Organization","@id":"https:\/\/dev.etoiles.fi\/#organization","name":"Etoiles","url":"https:\/\/dev.etoiles.fi\/","logo":{"@type":"ImageObject","inLanguage":"en-US","@id":"https:\/\/dev.etoiles.fi\/#\/schema\/logo\/image\/","url":"https:\/\/dev.etoiles.fi\/wp-content\/uploads\/2018\/02\/etoileswhite_new_pieni.png","contentUrl":"https:\/\/dev.etoiles.fi\/wp-content\/uploads\/2018\/02\/etoileswhite_new_pieni.png","width":350,"height":83,"caption":"Etoiles"},"image":{"@id":"https:\/\/dev.etoiles.fi\/#\/schema\/logo\/image\/"}}]}},"uagb_featured_image_src":{"full":["https:\/\/dev.etoiles.fi\/wp-content\/uploads\/2026\/03\/aktiivi-hiilta-header-1.jpg",1920,1280,false],"thumbnail":["https:\/\/dev.etoiles.fi\/wp-content\/uploads\/2026\/03\/aktiivi-hiilta-header-1-150x150.jpg",150,150,true],"medium":["https:\/\/dev.etoiles.fi\/wp-content\/uploads\/2026\/03\/aktiivi-hiilta-header-1-300x200.jpg",300,200,true],"medium_large":["https:\/\/dev.etoiles.fi\/wp-content\/uploads\/2026\/03\/aktiivi-hiilta-header-1-768x512.jpg",768,512,true],"large":["https:\/\/dev.etoiles.fi\/wp-content\/uploads\/2026\/03\/aktiivi-hiilta-header-1-1024x683.jpg",1024,683,true],"1536x1536":["https:\/\/dev.etoiles.fi\/wp-content\/uploads\/2026\/03\/aktiivi-hiilta-header-1-1536x1024.jpg",1536,1024,true],"2048x2048":["https:\/\/dev.etoiles.fi\/wp-content\/uploads\/2026\/03\/aktiivi-hiilta-header-1.jpg",1920,1280,false]},"uagb_author_info":{"display_name":"SulkaSuunnittelu","author_link":"https:\/\/dev.etoiles.fi\/en\/author\/mikko\/"},"uagb_comment_info":0,"uagb_excerpt":"&nbsp; We deliver all kinds of activated carbons which are suitable exactly for your needs. Activated carbons can be used for odor removal for example in waste water pumping stations and waste water treatment plants. In addition we deliver carbons to biogas plants and many other targets. Our partner is Donau Carbon, who have long&hellip;","_links":{"self":[{"href":"https:\/\/dev.etoiles.fi\/en\/wp-json\/wp\/v2\/pages\/588","targetHints":{"allow":["GET"]}}],"collection":[{"href":"https:\/\/dev.etoiles.fi\/en\/wp-json\/wp\/v2\/pages"}],"about":[{"href":"https:\/\/dev.etoiles.fi\/en\/wp-json\/wp\/v2\/types\/page"}],"author":[{"embeddable":true,"href":"https:\/\/dev.etoiles.fi\/en\/wp-json\/wp\/v2\/users\/2"}],"replies":[{"embeddable":true,"href":"https:\/\/dev.etoiles.fi\/en\/wp-json\/wp\/v2\/comments?post=588"}],"version-history":[{"count":6,"href":"https:\/\/dev.etoiles.fi\/en\/wp-json\/wp\/v2\/pages\/588\/revisions"}],"predecessor-version":[{"id":1814,"href":"https:\/\/dev.etoiles.fi\/en\/wp-json\/wp\/v2\/pages\/588\/revisions\/1814"}],"wp:featuredmedia":[{"embeddable":true,"href":"https:\/\/dev.etoiles.fi\/en\/wp-json\/wp\/v2\/media\/1811"}],"wp:attachment":[{"href":"https:\/\/dev.etoiles.fi\/en\/wp-json\/wp\/v2\/media?parent=588"}],"curies":[{"name":"wp","href":"https:\/\/api.w.org\/{rel}","templated":true}]}}