{"id":1595,"date":"2016-03-23T11:05:35","date_gmt":"2016-03-23T11:05:35","guid":{"rendered":"https:\/\/www.etoiles.fi\/yhteystiedot\/"},"modified":"2024-11-09T17:45:15","modified_gmt":"2024-11-09T15:45:15","slug":"kontakt","status":"publish","type":"page","link":"https:\/\/dev.etoiles.fi\/de\/kontakt\/","title":{"rendered":"Kontakt"},"content":{"rendered":"<p>[vc_row][vc_column][vc_column_text]<\/p>\n<h1 style=\"padding-top: 20px; text-align: center;\">Etoiles Suomi Oy<\/h1>\n<h2 style=\"text-align: center;\">Kontakt<\/h2>\n<p>[divider height=&#8220;30&#8243;]<\/p>\n<p style=\"text-align: center;\">Etoiles erstellt bedarfsgerechte L\u00f6sungen f\u00fcr die Geruchsneutralisation in der Abwasser- und Abfallbehandlung sowie in Industrie- und Biogasanlagen. Dank unserer langj\u00e4hrigen Erfahrung sind wir in der Lage, f\u00fcr unsere L\u00f6sungen eine Zufriedenheitsgarantie zu gew\u00e4hren.<\/p>\n<p style=\"text-align: center;\"><strong>Unser Leistungsspektrum enth\u00e4lt u. a.:<\/strong><\/p>\n<p style=\"text-align: center;\">Analyse der Ausgangssituation, Ger\u00e4telieferung, Montage, Wartungsservice, Inbetriebnahme, Schulungen, Beratung und Planungsservice.<\/p>\n<p style=\"text-align: center;\">Die Produkte des finnischen Unternehmens sind dank eines\u00a0 ausgedehnten H\u00e4ndlernetzes auch in Schweden, D\u00e4nemark, Norwegen und anderen EU-L\u00e4ndern erh\u00e4ltlich.<\/p>\n<p>[\/vc_column_text][\/vc_column][\/vc_row]<\/p>\n","protected":false},"excerpt":{"rendered":"<p>[vc_row][vc_column][vc_column_text] Etoiles Suomi Oy Kontakt [divider height=&#8220;30&#8243;] Etoiles erstellt bedarfsgerechte L\u00f6sungen f\u00fcr die Geruchsneutralisation in der Abwasser- und Abfallbehandlung sowie in Industrie- und Biogasanlagen. Dank unserer langj\u00e4hrigen Erfahrung sind wir in der Lage, f\u00fcr unsere L\u00f6sungen eine Zufriedenheitsgarantie zu gew\u00e4hren. Unser Leistungsspektrum enth\u00e4lt u. a.: Analyse der Ausgangssituation, Ger\u00e4telieferung, Montage, Wartungsservice, Inbetriebnahme, Schulungen, Beratung und [&hellip;]<\/p>\n","protected":false},"author":2,"featured_media":0,"parent":0,"menu_order":100,"comment_status":"closed","ping_status":"closed","template":"","meta":{"_uag_custom_page_level_css":"","footnotes":""},"class_list":["post-1595","page","type-page","status-publish","hentry"],"blocksy_meta":[],"yoast_head":"<!-- This site is optimized with the Yoast SEO plugin v27.5 - https:\/\/yoast.com\/product\/yoast-seo-wordpress\/ -->\n<title>Kontakt - Etoiles<\/title>\n<meta name=\"description\" content=\"Etoiles valmistaa r\u00e4\u00e4t\u00e4l\u00f6ityj\u00e4 hajunpoisto ratkaisuja j\u00e4teveden- ja j\u00e4tteenk\u00e4sittelyyn sek\u00e4 teollisuuskohteisiin ja biokaasulaitoksiin. Pitk\u00e4n kokemuksemme ansioista voimme taata ratkaisuillemme toimintatakuun.\" \/>\n<meta name=\"robots\" content=\"noindex, follow, max-snippet:-1, max-image-preview:large, max-video-preview:-1\" \/>\n<meta property=\"og:locale\" content=\"de_DE\" \/>\n<meta property=\"og:type\" content=\"article\" \/>\n<meta property=\"og:title\" content=\"Kontakt - Etoiles\" \/>\n<meta property=\"og:description\" content=\"Etoiles valmistaa r\u00e4\u00e4t\u00e4l\u00f6ityj\u00e4 hajunpoisto ratkaisuja j\u00e4teveden- ja j\u00e4tteenk\u00e4sittelyyn sek\u00e4 teollisuuskohteisiin ja biokaasulaitoksiin. Pitk\u00e4n kokemuksemme ansioista voimme taata ratkaisuillemme toimintatakuun.\" \/>\n<meta property=\"og:url\" content=\"https:\/\/dev.etoiles.fi\/yhteystiedot\/\" \/>\n<meta property=\"og:site_name\" content=\"Etoiles\" \/>\n<meta property=\"article:modified_time\" content=\"2024-11-09T15:45:15+00:00\" \/>\n<meta name=\"twitter:card\" content=\"summary_large_image\" \/>\n<meta name=\"twitter:label1\" content=\"Gesch\u00e4tzte Lesezeit\" \/>\n\t<meta name=\"twitter:data1\" content=\"1\u00a0Minute\" \/>\n<script type=\"application\/ld+json\" class=\"yoast-schema-graph\">{\"@context\":\"https:\\\/\\\/schema.org\",\"@graph\":[{\"@type\":\"WebPage\",\"@id\":\"https:\\\/\\\/dev.etoiles.fi\\\/yhteystiedot\\\/\",\"url\":\"https:\\\/\\\/dev.etoiles.fi\\\/yhteystiedot\\\/\",\"name\":\"Kontakt - Etoiles\",\"isPartOf\":{\"@id\":\"https:\\\/\\\/dev.etoiles.fi\\\/#website\"},\"datePublished\":\"2016-03-23T11:05:35+00:00\",\"dateModified\":\"2024-11-09T15:45:15+00:00\",\"description\":\"Etoiles valmistaa r\u00e4\u00e4t\u00e4l\u00f6ityj\u00e4 hajunpoisto ratkaisuja j\u00e4teveden- ja j\u00e4tteenk\u00e4sittelyyn sek\u00e4 teollisuuskohteisiin ja biokaasulaitoksiin. Pitk\u00e4n kokemuksemme ansioista voimme taata ratkaisuillemme toimintatakuun.\",\"breadcrumb\":{\"@id\":\"https:\\\/\\\/dev.etoiles.fi\\\/yhteystiedot\\\/#breadcrumb\"},\"inLanguage\":\"de\",\"potentialAction\":[{\"@type\":\"ReadAction\",\"target\":[\"https:\\\/\\\/dev.etoiles.fi\\\/yhteystiedot\\\/\"]}]},{\"@type\":\"BreadcrumbList\",\"@id\":\"https:\\\/\\\/dev.etoiles.fi\\\/yhteystiedot\\\/#breadcrumb\",\"itemListElement\":[{\"@type\":\"ListItem\",\"position\":1,\"name\":\"Home\",\"item\":\"https:\\\/\\\/dev.etoiles.fi\\\/de\\\/\"},{\"@type\":\"ListItem\",\"position\":2,\"name\":\"Kontakt\"}]},{\"@type\":\"WebSite\",\"@id\":\"https:\\\/\\\/dev.etoiles.fi\\\/#website\",\"url\":\"https:\\\/\\\/dev.etoiles.fi\\\/\",\"name\":\"Etoiles\",\"description\":\"Hajunpoistoratkaisut j&auml;teveden ja j&auml;tteenk&auml;sittelyyn ja teollisuuteen\",\"publisher\":{\"@id\":\"https:\\\/\\\/dev.etoiles.fi\\\/#organization\"},\"potentialAction\":[{\"@type\":\"SearchAction\",\"target\":{\"@type\":\"EntryPoint\",\"urlTemplate\":\"https:\\\/\\\/dev.etoiles.fi\\\/?s={search_term_string}\"},\"query-input\":{\"@type\":\"PropertyValueSpecification\",\"valueRequired\":true,\"valueName\":\"search_term_string\"}}],\"inLanguage\":\"de\"},{\"@type\":\"Organization\",\"@id\":\"https:\\\/\\\/dev.etoiles.fi\\\/#organization\",\"name\":\"Etoiles\",\"url\":\"https:\\\/\\\/dev.etoiles.fi\\\/\",\"logo\":{\"@type\":\"ImageObject\",\"inLanguage\":\"de\",\"@id\":\"https:\\\/\\\/dev.etoiles.fi\\\/#\\\/schema\\\/logo\\\/image\\\/\",\"url\":\"https:\\\/\\\/dev.etoiles.fi\\\/wp-content\\\/uploads\\\/2018\\\/02\\\/etoileswhite_new_pieni.png\",\"contentUrl\":\"https:\\\/\\\/dev.etoiles.fi\\\/wp-content\\\/uploads\\\/2018\\\/02\\\/etoileswhite_new_pieni.png\",\"width\":350,\"height\":83,\"caption\":\"Etoiles\"},\"image\":{\"@id\":\"https:\\\/\\\/dev.etoiles.fi\\\/#\\\/schema\\\/logo\\\/image\\\/\"}}]}<\/script>\n<!-- \/ Yoast SEO plugin. -->","yoast_head_json":{"title":"Kontakt - Etoiles","description":"Etoiles valmistaa r\u00e4\u00e4t\u00e4l\u00f6ityj\u00e4 hajunpoisto ratkaisuja j\u00e4teveden- ja j\u00e4tteenk\u00e4sittelyyn sek\u00e4 teollisuuskohteisiin ja biokaasulaitoksiin. Pitk\u00e4n kokemuksemme ansioista voimme taata ratkaisuillemme toimintatakuun.","robots":{"index":"noindex","follow":"follow","max-snippet":"max-snippet:-1","max-image-preview":"max-image-preview:large","max-video-preview":"max-video-preview:-1"},"og_locale":"de_DE","og_type":"article","og_title":"Kontakt - Etoiles","og_description":"Etoiles valmistaa r\u00e4\u00e4t\u00e4l\u00f6ityj\u00e4 hajunpoisto ratkaisuja j\u00e4teveden- ja j\u00e4tteenk\u00e4sittelyyn sek\u00e4 teollisuuskohteisiin ja biokaasulaitoksiin. Pitk\u00e4n kokemuksemme ansioista voimme taata ratkaisuillemme toimintatakuun.","og_url":"https:\/\/dev.etoiles.fi\/yhteystiedot\/","og_site_name":"Etoiles","article_modified_time":"2024-11-09T15:45:15+00:00","twitter_card":"summary_large_image","twitter_misc":{"Gesch\u00e4tzte Lesezeit":"1\u00a0Minute"},"schema":{"@context":"https:\/\/schema.org","@graph":[{"@type":"WebPage","@id":"https:\/\/dev.etoiles.fi\/yhteystiedot\/","url":"https:\/\/dev.etoiles.fi\/yhteystiedot\/","name":"Kontakt - Etoiles","isPartOf":{"@id":"https:\/\/dev.etoiles.fi\/#website"},"datePublished":"2016-03-23T11:05:35+00:00","dateModified":"2024-11-09T15:45:15+00:00","description":"Etoiles valmistaa r\u00e4\u00e4t\u00e4l\u00f6ityj\u00e4 hajunpoisto ratkaisuja j\u00e4teveden- ja j\u00e4tteenk\u00e4sittelyyn sek\u00e4 teollisuuskohteisiin ja biokaasulaitoksiin. Pitk\u00e4n kokemuksemme ansioista voimme taata ratkaisuillemme toimintatakuun.","breadcrumb":{"@id":"https:\/\/dev.etoiles.fi\/yhteystiedot\/#breadcrumb"},"inLanguage":"de","potentialAction":[{"@type":"ReadAction","target":["https:\/\/dev.etoiles.fi\/yhteystiedot\/"]}]},{"@type":"BreadcrumbList","@id":"https:\/\/dev.etoiles.fi\/yhteystiedot\/#breadcrumb","itemListElement":[{"@type":"ListItem","position":1,"name":"Home","item":"https:\/\/dev.etoiles.fi\/de\/"},{"@type":"ListItem","position":2,"name":"Kontakt"}]},{"@type":"WebSite","@id":"https:\/\/dev.etoiles.fi\/#website","url":"https:\/\/dev.etoiles.fi\/","name":"Etoiles","description":"Hajunpoistoratkaisut j&auml;teveden ja j&auml;tteenk&auml;sittelyyn ja teollisuuteen","publisher":{"@id":"https:\/\/dev.etoiles.fi\/#organization"},"potentialAction":[{"@type":"SearchAction","target":{"@type":"EntryPoint","urlTemplate":"https:\/\/dev.etoiles.fi\/?s={search_term_string}"},"query-input":{"@type":"PropertyValueSpecification","valueRequired":true,"valueName":"search_term_string"}}],"inLanguage":"de"},{"@type":"Organization","@id":"https:\/\/dev.etoiles.fi\/#organization","name":"Etoiles","url":"https:\/\/dev.etoiles.fi\/","logo":{"@type":"ImageObject","inLanguage":"de","@id":"https:\/\/dev.etoiles.fi\/#\/schema\/logo\/image\/","url":"https:\/\/dev.etoiles.fi\/wp-content\/uploads\/2018\/02\/etoileswhite_new_pieni.png","contentUrl":"https:\/\/dev.etoiles.fi\/wp-content\/uploads\/2018\/02\/etoileswhite_new_pieni.png","width":350,"height":83,"caption":"Etoiles"},"image":{"@id":"https:\/\/dev.etoiles.fi\/#\/schema\/logo\/image\/"}}]}},"uagb_featured_image_src":{"full":false,"thumbnail":false,"medium":false,"medium_large":false,"large":false,"1536x1536":false,"2048x2048":false},"uagb_author_info":{"display_name":"SulkaSuunnittelu","author_link":"https:\/\/dev.etoiles.fi\/de\/author\/mikko\/"},"uagb_comment_info":0,"uagb_excerpt":"[vc_row][vc_column][vc_column_text] Etoiles Suomi Oy Kontakt [divider height=&#8220;30&#8243;] Etoiles erstellt bedarfsgerechte L\u00f6sungen f\u00fcr die Geruchsneutralisation in der Abwasser- und Abfallbehandlung sowie in Industrie- und Biogasanlagen. Dank unserer langj\u00e4hrigen Erfahrung sind wir in der Lage, f\u00fcr unsere L\u00f6sungen eine Zufriedenheitsgarantie zu gew\u00e4hren. Unser Leistungsspektrum enth\u00e4lt u. a.: Analyse der Ausgangssituation, Ger\u00e4telieferung, Montage, Wartungsservice, Inbetriebnahme, Schulungen, Beratung und&hellip;","_links":{"self":[{"href":"https:\/\/dev.etoiles.fi\/de\/wp-json\/wp\/v2\/pages\/1595","targetHints":{"allow":["GET"]}}],"collection":[{"href":"https:\/\/dev.etoiles.fi\/de\/wp-json\/wp\/v2\/pages"}],"about":[{"href":"https:\/\/dev.etoiles.fi\/de\/wp-json\/wp\/v2\/types\/page"}],"author":[{"embeddable":true,"href":"https:\/\/dev.etoiles.fi\/de\/wp-json\/wp\/v2\/users\/2"}],"replies":[{"embeddable":true,"href":"https:\/\/dev.etoiles.fi\/de\/wp-json\/wp\/v2\/comments?post=1595"}],"version-history":[{"count":3,"href":"https:\/\/dev.etoiles.fi\/de\/wp-json\/wp\/v2\/pages\/1595\/revisions"}],"predecessor-version":[{"id":1608,"href":"https:\/\/dev.etoiles.fi\/de\/wp-json\/wp\/v2\/pages\/1595\/revisions\/1608"}],"wp:attachment":[{"href":"https:\/\/dev.etoiles.fi\/de\/wp-json\/wp\/v2\/media?parent=1595"}],"curies":[{"name":"wp","href":"https:\/\/api.w.org\/{rel}","templated":true}]}}