{"id":1591,"date":"2016-04-21T15:11:38","date_gmt":"2016-04-21T15:11:38","guid":{"rendered":"https:\/\/www.etoiles.fi\/tuotteet\/"},"modified":"2024-11-09T17:44:59","modified_gmt":"2024-11-09T15:44:59","slug":"geruchsneutralisation","status":"publish","type":"page","link":"https:\/\/dev.etoiles.fi\/de\/geruchsneutralisation\/","title":{"rendered":"Geruchsneutralisation"},"content":{"rendered":"<p>[vc_row][vc_column][vc_column_text]<\/p>\n<h1 style=\"padding-top: 20px;\">L\u00f6sungen zur Geruchsneutralisation<\/h1>\n<p>Wir haben die Aktivkohlefilter OdourMikko entwickelt, die in zahlreichen Objekte vielseitig eingesetzt werden k\u00f6nnen. Sollte unser Sortiment keine fertige L\u00f6sung f\u00fcr ein bestimmtes Objekt enthalten, k\u00f6nnen unsere Experten ein kosteneffizientes Konzept zur Geruchsneutralisation entwickeln, das Ihren Bed\u00fcrfnissen gerecht wird.<\/p>\n<p>Die Produktreihe umfasst frei saugende Ausf\u00fchrungen und mit Gebl\u00e4se ausgestattete L\u00f6sungen.<\/p>\n<p>Die Aktivkohle des Filters wird stets objektspezifisch ausgew\u00e4hlt und l\u00e4sst sich problemlos auswechseln. Es k\u00f6nnen Volumenstr\u00f6me von bis zu 200 000 m\u00b3\u2044h behandelt werden.<\/p>\n<p><strong>Funktionsprinzip<\/strong>:<\/p>\n<p>Die Anlage saugt die geruchsintensive Luft mit dem Gebl\u00e4se aus der Presse oder durch einen Filter ab, in dem die jeweilige Aktivkohle den Geruch bindet. Die Volumenstr\u00f6me k\u00f6nnen bedarfsgerecht geregelt werden. Die Aktivkohle wird ausgewechselt, wenn sie ges\u00e4ttigt ist. Die S\u00e4ttigungszeit betr\u00e4gt sch\u00e4tzungsweise 1-3 Jahre.[\/vc_column_text][\/vc_column][\/vc_row]<\/p>\n","protected":false},"excerpt":{"rendered":"<p>[vc_row][vc_column][vc_column_text] L\u00f6sungen zur Geruchsneutralisation Wir haben die Aktivkohlefilter OdourMikko entwickelt, die in zahlreichen Objekte vielseitig eingesetzt werden k\u00f6nnen. Sollte unser Sortiment keine fertige L\u00f6sung f\u00fcr ein bestimmtes Objekt enthalten, k\u00f6nnen unsere Experten ein kosteneffizientes Konzept zur Geruchsneutralisation entwickeln, das Ihren Bed\u00fcrfnissen gerecht wird. Die Produktreihe umfasst frei saugende Ausf\u00fchrungen und mit Gebl\u00e4se ausgestattete L\u00f6sungen. Die [&hellip;]<\/p>\n","protected":false},"author":2,"featured_media":0,"parent":0,"menu_order":50,"comment_status":"closed","ping_status":"closed","template":"","meta":{"_uag_custom_page_level_css":"","footnotes":""},"class_list":["post-1591","page","type-page","status-publish","hentry"],"blocksy_meta":[],"yoast_head":"<!-- This site is optimized with the Yoast SEO plugin v27.5 - https:\/\/yoast.com\/product\/yoast-seo-wordpress\/ -->\n<title>Aktiivihiilisuodatin hajunpoistoon OdourMikko -tuotteet | Etoiles<\/title>\n<meta name=\"description\" content=\"Hajunpoisto aktiivihiilisuodattimella soveltuu j\u00e4tevesipuhdistamon hajunpoistoon, pumppaamon hajunpoistoon, j\u00e4tteenk\u00e4sittelylaitoksen hajunpoistoon, teollisuuden hajunpoistoon, biokaasulaitoksen hajunpoistoon ja biokaasun puhdistukseen. Kiinteist\u00f6jen -ja omakotitalojen tuuletusputkeen.\" \/>\n<meta name=\"robots\" content=\"noindex, follow, max-snippet:-1, max-image-preview:large, max-video-preview:-1\" \/>\n<meta property=\"og:locale\" content=\"de_DE\" \/>\n<meta property=\"og:type\" content=\"article\" \/>\n<meta property=\"og:title\" content=\"Aktiivihiilisuodatin hajunpoistoon OdourMikko -tuotteet | Etoiles\" \/>\n<meta property=\"og:description\" content=\"Hajunpoisto aktiivihiilisuodattimella soveltuu j\u00e4tevesipuhdistamon hajunpoistoon, pumppaamon hajunpoistoon, j\u00e4tteenk\u00e4sittelylaitoksen hajunpoistoon, teollisuuden hajunpoistoon, biokaasulaitoksen hajunpoistoon ja biokaasun puhdistukseen. Kiinteist\u00f6jen -ja omakotitalojen tuuletusputkeen.\" \/>\n<meta property=\"og:url\" content=\"https:\/\/dev.etoiles.fi\/de\/geruchsneutralisation\/\" \/>\n<meta property=\"og:site_name\" content=\"Etoiles\" \/>\n<meta property=\"article:modified_time\" content=\"2024-11-09T15:44:59+00:00\" \/>\n<meta name=\"twitter:card\" content=\"summary_large_image\" \/>\n<meta name=\"twitter:label1\" content=\"Gesch\u00e4tzte Lesezeit\" \/>\n\t<meta name=\"twitter:data1\" content=\"1\u00a0Minute\" \/>\n<script type=\"application\/ld+json\" class=\"yoast-schema-graph\">{\"@context\":\"https:\\\/\\\/schema.org\",\"@graph\":[{\"@type\":\"WebPage\",\"@id\":\"https:\\\/\\\/dev.etoiles.fi\\\/de\\\/geruchsneutralisation\\\/\",\"url\":\"https:\\\/\\\/dev.etoiles.fi\\\/de\\\/geruchsneutralisation\\\/\",\"name\":\"Aktiivihiilisuodatin hajunpoistoon OdourMikko -tuotteet | Etoiles\",\"isPartOf\":{\"@id\":\"https:\\\/\\\/dev.etoiles.fi\\\/#website\"},\"datePublished\":\"2016-04-21T15:11:38+00:00\",\"dateModified\":\"2024-11-09T15:44:59+00:00\",\"description\":\"Hajunpoisto aktiivihiilisuodattimella soveltuu j\u00e4tevesipuhdistamon hajunpoistoon, pumppaamon hajunpoistoon, j\u00e4tteenk\u00e4sittelylaitoksen hajunpoistoon, teollisuuden hajunpoistoon, biokaasulaitoksen hajunpoistoon ja biokaasun puhdistukseen. Kiinteist\u00f6jen -ja omakotitalojen tuuletusputkeen.\",\"breadcrumb\":{\"@id\":\"https:\\\/\\\/dev.etoiles.fi\\\/de\\\/geruchsneutralisation\\\/#breadcrumb\"},\"inLanguage\":\"de\",\"potentialAction\":[{\"@type\":\"ReadAction\",\"target\":[\"https:\\\/\\\/dev.etoiles.fi\\\/de\\\/geruchsneutralisation\\\/\"]}]},{\"@type\":\"BreadcrumbList\",\"@id\":\"https:\\\/\\\/dev.etoiles.fi\\\/de\\\/geruchsneutralisation\\\/#breadcrumb\",\"itemListElement\":[{\"@type\":\"ListItem\",\"position\":1,\"name\":\"Home\",\"item\":\"https:\\\/\\\/dev.etoiles.fi\\\/de\\\/\"},{\"@type\":\"ListItem\",\"position\":2,\"name\":\"Geruchsneutralisation\"}]},{\"@type\":\"WebSite\",\"@id\":\"https:\\\/\\\/dev.etoiles.fi\\\/#website\",\"url\":\"https:\\\/\\\/dev.etoiles.fi\\\/\",\"name\":\"Etoiles\",\"description\":\"Hajunpoistoratkaisut j&auml;teveden ja j&auml;tteenk&auml;sittelyyn ja teollisuuteen\",\"publisher\":{\"@id\":\"https:\\\/\\\/dev.etoiles.fi\\\/#organization\"},\"potentialAction\":[{\"@type\":\"SearchAction\",\"target\":{\"@type\":\"EntryPoint\",\"urlTemplate\":\"https:\\\/\\\/dev.etoiles.fi\\\/?s={search_term_string}\"},\"query-input\":{\"@type\":\"PropertyValueSpecification\",\"valueRequired\":true,\"valueName\":\"search_term_string\"}}],\"inLanguage\":\"de\"},{\"@type\":\"Organization\",\"@id\":\"https:\\\/\\\/dev.etoiles.fi\\\/#organization\",\"name\":\"Etoiles\",\"url\":\"https:\\\/\\\/dev.etoiles.fi\\\/\",\"logo\":{\"@type\":\"ImageObject\",\"inLanguage\":\"de\",\"@id\":\"https:\\\/\\\/dev.etoiles.fi\\\/#\\\/schema\\\/logo\\\/image\\\/\",\"url\":\"https:\\\/\\\/dev.etoiles.fi\\\/wp-content\\\/uploads\\\/2018\\\/02\\\/etoileswhite_new_pieni.png\",\"contentUrl\":\"https:\\\/\\\/dev.etoiles.fi\\\/wp-content\\\/uploads\\\/2018\\\/02\\\/etoileswhite_new_pieni.png\",\"width\":350,\"height\":83,\"caption\":\"Etoiles\"},\"image\":{\"@id\":\"https:\\\/\\\/dev.etoiles.fi\\\/#\\\/schema\\\/logo\\\/image\\\/\"}}]}<\/script>\n<!-- \/ Yoast SEO plugin. -->","yoast_head_json":{"title":"Aktiivihiilisuodatin hajunpoistoon OdourMikko -tuotteet | Etoiles","description":"Hajunpoisto aktiivihiilisuodattimella soveltuu j\u00e4tevesipuhdistamon hajunpoistoon, pumppaamon hajunpoistoon, j\u00e4tteenk\u00e4sittelylaitoksen hajunpoistoon, teollisuuden hajunpoistoon, biokaasulaitoksen hajunpoistoon ja biokaasun puhdistukseen. Kiinteist\u00f6jen -ja omakotitalojen tuuletusputkeen.","robots":{"index":"noindex","follow":"follow","max-snippet":"max-snippet:-1","max-image-preview":"max-image-preview:large","max-video-preview":"max-video-preview:-1"},"og_locale":"de_DE","og_type":"article","og_title":"Aktiivihiilisuodatin hajunpoistoon OdourMikko -tuotteet | Etoiles","og_description":"Hajunpoisto aktiivihiilisuodattimella soveltuu j\u00e4tevesipuhdistamon hajunpoistoon, pumppaamon hajunpoistoon, j\u00e4tteenk\u00e4sittelylaitoksen hajunpoistoon, teollisuuden hajunpoistoon, biokaasulaitoksen hajunpoistoon ja biokaasun puhdistukseen. Kiinteist\u00f6jen -ja omakotitalojen tuuletusputkeen.","og_url":"https:\/\/dev.etoiles.fi\/de\/geruchsneutralisation\/","og_site_name":"Etoiles","article_modified_time":"2024-11-09T15:44:59+00:00","twitter_card":"summary_large_image","twitter_misc":{"Gesch\u00e4tzte Lesezeit":"1\u00a0Minute"},"schema":{"@context":"https:\/\/schema.org","@graph":[{"@type":"WebPage","@id":"https:\/\/dev.etoiles.fi\/de\/geruchsneutralisation\/","url":"https:\/\/dev.etoiles.fi\/de\/geruchsneutralisation\/","name":"Aktiivihiilisuodatin hajunpoistoon OdourMikko -tuotteet | Etoiles","isPartOf":{"@id":"https:\/\/dev.etoiles.fi\/#website"},"datePublished":"2016-04-21T15:11:38+00:00","dateModified":"2024-11-09T15:44:59+00:00","description":"Hajunpoisto aktiivihiilisuodattimella soveltuu j\u00e4tevesipuhdistamon hajunpoistoon, pumppaamon hajunpoistoon, j\u00e4tteenk\u00e4sittelylaitoksen hajunpoistoon, teollisuuden hajunpoistoon, biokaasulaitoksen hajunpoistoon ja biokaasun puhdistukseen. Kiinteist\u00f6jen -ja omakotitalojen tuuletusputkeen.","breadcrumb":{"@id":"https:\/\/dev.etoiles.fi\/de\/geruchsneutralisation\/#breadcrumb"},"inLanguage":"de","potentialAction":[{"@type":"ReadAction","target":["https:\/\/dev.etoiles.fi\/de\/geruchsneutralisation\/"]}]},{"@type":"BreadcrumbList","@id":"https:\/\/dev.etoiles.fi\/de\/geruchsneutralisation\/#breadcrumb","itemListElement":[{"@type":"ListItem","position":1,"name":"Home","item":"https:\/\/dev.etoiles.fi\/de\/"},{"@type":"ListItem","position":2,"name":"Geruchsneutralisation"}]},{"@type":"WebSite","@id":"https:\/\/dev.etoiles.fi\/#website","url":"https:\/\/dev.etoiles.fi\/","name":"Etoiles","description":"Hajunpoistoratkaisut j&auml;teveden ja j&auml;tteenk&auml;sittelyyn ja teollisuuteen","publisher":{"@id":"https:\/\/dev.etoiles.fi\/#organization"},"potentialAction":[{"@type":"SearchAction","target":{"@type":"EntryPoint","urlTemplate":"https:\/\/dev.etoiles.fi\/?s={search_term_string}"},"query-input":{"@type":"PropertyValueSpecification","valueRequired":true,"valueName":"search_term_string"}}],"inLanguage":"de"},{"@type":"Organization","@id":"https:\/\/dev.etoiles.fi\/#organization","name":"Etoiles","url":"https:\/\/dev.etoiles.fi\/","logo":{"@type":"ImageObject","inLanguage":"de","@id":"https:\/\/dev.etoiles.fi\/#\/schema\/logo\/image\/","url":"https:\/\/dev.etoiles.fi\/wp-content\/uploads\/2018\/02\/etoileswhite_new_pieni.png","contentUrl":"https:\/\/dev.etoiles.fi\/wp-content\/uploads\/2018\/02\/etoileswhite_new_pieni.png","width":350,"height":83,"caption":"Etoiles"},"image":{"@id":"https:\/\/dev.etoiles.fi\/#\/schema\/logo\/image\/"}}]}},"uagb_featured_image_src":{"full":false,"thumbnail":false,"medium":false,"medium_large":false,"large":false,"1536x1536":false,"2048x2048":false},"uagb_author_info":{"display_name":"SulkaSuunnittelu","author_link":"https:\/\/dev.etoiles.fi\/de\/author\/mikko\/"},"uagb_comment_info":0,"uagb_excerpt":"[vc_row][vc_column][vc_column_text] L\u00f6sungen zur Geruchsneutralisation Wir haben die Aktivkohlefilter OdourMikko entwickelt, die in zahlreichen Objekte vielseitig eingesetzt werden k\u00f6nnen. Sollte unser Sortiment keine fertige L\u00f6sung f\u00fcr ein bestimmtes Objekt enthalten, k\u00f6nnen unsere Experten ein kosteneffizientes Konzept zur Geruchsneutralisation entwickeln, das Ihren Bed\u00fcrfnissen gerecht wird. Die Produktreihe umfasst frei saugende Ausf\u00fchrungen und mit Gebl\u00e4se ausgestattete L\u00f6sungen. Die&hellip;","_links":{"self":[{"href":"https:\/\/dev.etoiles.fi\/de\/wp-json\/wp\/v2\/pages\/1591","targetHints":{"allow":["GET"]}}],"collection":[{"href":"https:\/\/dev.etoiles.fi\/de\/wp-json\/wp\/v2\/pages"}],"about":[{"href":"https:\/\/dev.etoiles.fi\/de\/wp-json\/wp\/v2\/types\/page"}],"author":[{"embeddable":true,"href":"https:\/\/dev.etoiles.fi\/de\/wp-json\/wp\/v2\/users\/2"}],"replies":[{"embeddable":true,"href":"https:\/\/dev.etoiles.fi\/de\/wp-json\/wp\/v2\/comments?post=1591"}],"version-history":[{"count":3,"href":"https:\/\/dev.etoiles.fi\/de\/wp-json\/wp\/v2\/pages\/1591\/revisions"}],"predecessor-version":[{"id":1605,"href":"https:\/\/dev.etoiles.fi\/de\/wp-json\/wp\/v2\/pages\/1591\/revisions\/1605"}],"wp:attachment":[{"href":"https:\/\/dev.etoiles.fi\/de\/wp-json\/wp\/v2\/media?parent=1591"}],"curies":[{"name":"wp","href":"https:\/\/api.w.org\/{rel}","templated":true}]}}