{"id":1587,"date":"2016-05-10T13:08:29","date_gmt":"2016-05-10T13:08:29","guid":{"rendered":"https:\/\/www.etoiles.fi\/jatteenkasittely\/"},"modified":"2024-11-09T17:44:52","modified_gmt":"2024-11-09T15:44:52","slug":"zur-industrie","status":"publish","type":"page","link":"https:\/\/dev.etoiles.fi\/de\/zur-industrie\/","title":{"rendered":"Zur Industrie"},"content":{"rendered":"<p>[vc_row][vc_column][vc_column_text]<\/p>\n<div style=\"padding-top: 30px;\">\n<h1>L\u00f6sungen f\u00fcr das industrielle Geruchsmanagement<\/h1>\n<p>Die Produktreihe OdourMikko wurde auf der Grundlage langj\u00e4hriger Erfahrungen f\u00fcr die Beseitigung der Geruchsbelastung konzipiert, die durch Abfallpressen, Abfallr\u00e4ume und Abfallbehandlungsanlagen erzeugt wird.<\/p>\n<p>Mit dem Verfahren konnten hervorragende Ergebnisse bei der Verbesserung der Luftqualit\u00e4t von Gewerbe- und Abfallr\u00e4umen erzielt werden.<\/p>\n<p>Aus der Luft werden geruchsintensive Verbindungen herausgefiltert, was zu einer Verbesserung des Arbeitsumfelds und somit zu einer erh\u00f6hten Arbeitszufriedenheit und einer Imageverbesserung der Arbeit f\u00fchrt.<\/p>\n<p>\u00dcberdies kann die durch Gase verursachte Korrosion reduziert werden, was sich wiederum vorteilhaft auf die Gebrauchsdauer der Produkte auswirkt.<\/p>\n<p><strong>Anwendungsbeispiele<\/strong>:<\/p>\n<p>&#8211; Luftbehandlung von Abfallr\u00e4umen in Kellern von Wohnh\u00e4usern und Gewerbeimmobilien<br \/>\n&#8211; Abfallpressen in H\u00f6fen und Kellern von Wohngeb\u00e4uden oder Au\u00dfenbereichen von Einkaufszentren<br \/>\n&#8211; L\u00f6sungen f\u00fcr die Luftbehandlung in Abfallbehandlungsanlagen<br \/>\n&#8211; Biogasanlagen, Behandlung von Prozess- und Verdunstungsgasen in Produktionsst\u00e4tten, Lebensmittelindustrie und Entl\u00fcftung von industriellen Lagertanks<br \/>\n&#8211; Punktabsaugungen in zahlreichen Produktionsanlagen<\/p>\n<p>&nbsp;<\/p>\n<p><a href=\"https:\/\/www.etoiles.fi\/wp-content\/uploads\/2018\/02\/OdourMikko-20-000-Aktiivihiilisuodatin.jpg\"><img loading=\"lazy\" decoding=\"async\" class=\"alignnone wp-image-471 size-full\" src=\"https:\/\/www.etoiles.fi\/wp-content\/uploads\/2018\/02\/OdourMikko-20-000-Aktiivihiilisuodatin.jpg\" alt=\"\" width=\"504\" height=\"258\" srcset=\"https:\/\/dev.etoiles.fi\/wp-content\/uploads\/2018\/02\/OdourMikko-20-000-Aktiivihiilisuodatin.jpg 504w, https:\/\/dev.etoiles.fi\/wp-content\/uploads\/2018\/02\/OdourMikko-20-000-Aktiivihiilisuodatin-300x154.jpg 300w, https:\/\/dev.etoiles.fi\/wp-content\/uploads\/2018\/02\/OdourMikko-20-000-Aktiivihiilisuodatin-260x133.jpg 260w, https:\/\/dev.etoiles.fi\/wp-content\/uploads\/2018\/02\/OdourMikko-20-000-Aktiivihiilisuodatin-50x26.jpg 50w, https:\/\/dev.etoiles.fi\/wp-content\/uploads\/2018\/02\/OdourMikko-20-000-Aktiivihiilisuodatin-147x75.jpg 147w\" sizes=\"auto, (max-width: 504px) 100vw, 504px\" \/><\/a><\/p>\n<\/div>\n<p>[\/vc_column_text][\/vc_column][\/vc_row]<\/p>\n","protected":false},"excerpt":{"rendered":"<p>[vc_row][vc_column][vc_column_text] L\u00f6sungen f\u00fcr das industrielle Geruchsmanagement Die Produktreihe OdourMikko wurde auf der Grundlage langj\u00e4hriger Erfahrungen f\u00fcr die Beseitigung der Geruchsbelastung konzipiert, die durch Abfallpressen, Abfallr\u00e4ume und Abfallbehandlungsanlagen erzeugt wird. Mit dem Verfahren konnten hervorragende Ergebnisse bei der Verbesserung der Luftqualit\u00e4t von Gewerbe- und Abfallr\u00e4umen erzielt werden. Aus der Luft werden geruchsintensive Verbindungen herausgefiltert, was zu [&hellip;]<\/p>\n","protected":false},"author":2,"featured_media":0,"parent":0,"menu_order":10,"comment_status":"closed","ping_status":"closed","template":"","meta":{"_uag_custom_page_level_css":"","footnotes":""},"class_list":["post-1587","page","type-page","status-publish","hentry"],"blocksy_meta":[],"yoast_head":"<!-- This site is optimized with the Yoast SEO plugin v27.5 - https:\/\/yoast.com\/product\/yoast-seo-wordpress\/ -->\n<title>Hajunpoistoratkaisut j\u00e4tteiden k\u00e4sittelyyn<\/title>\n<meta name=\"description\" content=\"J\u00e4tepuristimen hajunpoisto, j\u00e4tehuoneen hajunpoisto ja j\u00e4tteenk\u00e4sittelylaitoksen hajunpoisto voidaan ongelma ratkaista OudourMikko aktiivihiilisuodattimella, joka on kehitetty pitk\u00e4n kokemuksen pohjalta ilmam\u00e4\u00e4r\u00e4lle 1-200 000 m\u1d4c\/h.\" \/>\n<meta name=\"robots\" content=\"noindex, follow, max-snippet:-1, max-image-preview:large, max-video-preview:-1\" \/>\n<meta property=\"og:locale\" content=\"de_DE\" \/>\n<meta property=\"og:type\" content=\"article\" \/>\n<meta property=\"og:title\" content=\"Hajunpoistoratkaisut j\u00e4tteiden k\u00e4sittelyyn\" \/>\n<meta property=\"og:description\" content=\"J\u00e4tepuristimen hajunpoisto, j\u00e4tehuoneen hajunpoisto ja j\u00e4tteenk\u00e4sittelylaitoksen hajunpoisto voidaan ongelma ratkaista OudourMikko aktiivihiilisuodattimella, joka on kehitetty pitk\u00e4n kokemuksen pohjalta ilmam\u00e4\u00e4r\u00e4lle 1-200 000 m\u1d4c\/h.\" \/>\n<meta property=\"og:url\" content=\"https:\/\/dev.etoiles.fi\/jatteenkasittely\/\" \/>\n<meta property=\"og:site_name\" content=\"Etoiles\" \/>\n<meta property=\"article:modified_time\" content=\"2024-11-09T15:44:52+00:00\" \/>\n<meta property=\"og:image\" content=\"https:\/\/www.etoiles.fi\/wp-content\/uploads\/2018\/02\/OdourMikko-20-000-Aktiivihiilisuodatin.jpg\" \/>\n<meta name=\"twitter:card\" content=\"summary_large_image\" \/>\n<meta name=\"twitter:label1\" content=\"Gesch\u00e4tzte Lesezeit\" \/>\n\t<meta name=\"twitter:data1\" content=\"2\u00a0Minuten\" \/>\n<script type=\"application\/ld+json\" class=\"yoast-schema-graph\">{\"@context\":\"https:\\\/\\\/schema.org\",\"@graph\":[{\"@type\":\"WebPage\",\"@id\":\"https:\\\/\\\/dev.etoiles.fi\\\/jatteenkasittely\\\/\",\"url\":\"https:\\\/\\\/dev.etoiles.fi\\\/jatteenkasittely\\\/\",\"name\":\"Hajunpoistoratkaisut j\u00e4tteiden k\u00e4sittelyyn\",\"isPartOf\":{\"@id\":\"https:\\\/\\\/dev.etoiles.fi\\\/#website\"},\"primaryImageOfPage\":{\"@id\":\"https:\\\/\\\/dev.etoiles.fi\\\/jatteenkasittely\\\/#primaryimage\"},\"image\":{\"@id\":\"https:\\\/\\\/dev.etoiles.fi\\\/jatteenkasittely\\\/#primaryimage\"},\"thumbnailUrl\":\"https:\\\/\\\/www.etoiles.fi\\\/wp-content\\\/uploads\\\/2018\\\/02\\\/OdourMikko-20-000-Aktiivihiilisuodatin.jpg\",\"datePublished\":\"2016-05-10T13:08:29+00:00\",\"dateModified\":\"2024-11-09T15:44:52+00:00\",\"description\":\"J\u00e4tepuristimen hajunpoisto, j\u00e4tehuoneen hajunpoisto ja j\u00e4tteenk\u00e4sittelylaitoksen hajunpoisto voidaan ongelma ratkaista OudourMikko aktiivihiilisuodattimella, joka on kehitetty pitk\u00e4n kokemuksen pohjalta ilmam\u00e4\u00e4r\u00e4lle 1-200 000 m\u1d4c\\\/h.\",\"breadcrumb\":{\"@id\":\"https:\\\/\\\/dev.etoiles.fi\\\/jatteenkasittely\\\/#breadcrumb\"},\"inLanguage\":\"de\",\"potentialAction\":[{\"@type\":\"ReadAction\",\"target\":[\"https:\\\/\\\/dev.etoiles.fi\\\/jatteenkasittely\\\/\"]}]},{\"@type\":\"ImageObject\",\"inLanguage\":\"de\",\"@id\":\"https:\\\/\\\/dev.etoiles.fi\\\/jatteenkasittely\\\/#primaryimage\",\"url\":\"https:\\\/\\\/www.etoiles.fi\\\/wp-content\\\/uploads\\\/2018\\\/02\\\/OdourMikko-20-000-Aktiivihiilisuodatin.jpg\",\"contentUrl\":\"https:\\\/\\\/www.etoiles.fi\\\/wp-content\\\/uploads\\\/2018\\\/02\\\/OdourMikko-20-000-Aktiivihiilisuodatin.jpg\"},{\"@type\":\"BreadcrumbList\",\"@id\":\"https:\\\/\\\/dev.etoiles.fi\\\/jatteenkasittely\\\/#breadcrumb\",\"itemListElement\":[{\"@type\":\"ListItem\",\"position\":1,\"name\":\"Home\",\"item\":\"https:\\\/\\\/dev.etoiles.fi\\\/de\\\/\"},{\"@type\":\"ListItem\",\"position\":2,\"name\":\"Zur Industrie\"}]},{\"@type\":\"WebSite\",\"@id\":\"https:\\\/\\\/dev.etoiles.fi\\\/#website\",\"url\":\"https:\\\/\\\/dev.etoiles.fi\\\/\",\"name\":\"Etoiles\",\"description\":\"Hajunpoistoratkaisut j&auml;teveden ja j&auml;tteenk&auml;sittelyyn ja teollisuuteen\",\"publisher\":{\"@id\":\"https:\\\/\\\/dev.etoiles.fi\\\/#organization\"},\"potentialAction\":[{\"@type\":\"SearchAction\",\"target\":{\"@type\":\"EntryPoint\",\"urlTemplate\":\"https:\\\/\\\/dev.etoiles.fi\\\/?s={search_term_string}\"},\"query-input\":{\"@type\":\"PropertyValueSpecification\",\"valueRequired\":true,\"valueName\":\"search_term_string\"}}],\"inLanguage\":\"de\"},{\"@type\":\"Organization\",\"@id\":\"https:\\\/\\\/dev.etoiles.fi\\\/#organization\",\"name\":\"Etoiles\",\"url\":\"https:\\\/\\\/dev.etoiles.fi\\\/\",\"logo\":{\"@type\":\"ImageObject\",\"inLanguage\":\"de\",\"@id\":\"https:\\\/\\\/dev.etoiles.fi\\\/#\\\/schema\\\/logo\\\/image\\\/\",\"url\":\"https:\\\/\\\/dev.etoiles.fi\\\/wp-content\\\/uploads\\\/2018\\\/02\\\/etoileswhite_new_pieni.png\",\"contentUrl\":\"https:\\\/\\\/dev.etoiles.fi\\\/wp-content\\\/uploads\\\/2018\\\/02\\\/etoileswhite_new_pieni.png\",\"width\":350,\"height\":83,\"caption\":\"Etoiles\"},\"image\":{\"@id\":\"https:\\\/\\\/dev.etoiles.fi\\\/#\\\/schema\\\/logo\\\/image\\\/\"}}]}<\/script>\n<!-- \/ Yoast SEO plugin. -->","yoast_head_json":{"title":"Hajunpoistoratkaisut j\u00e4tteiden k\u00e4sittelyyn","description":"J\u00e4tepuristimen hajunpoisto, j\u00e4tehuoneen hajunpoisto ja j\u00e4tteenk\u00e4sittelylaitoksen hajunpoisto voidaan ongelma ratkaista OudourMikko aktiivihiilisuodattimella, joka on kehitetty pitk\u00e4n kokemuksen pohjalta ilmam\u00e4\u00e4r\u00e4lle 1-200 000 m\u1d4c\/h.","robots":{"index":"noindex","follow":"follow","max-snippet":"max-snippet:-1","max-image-preview":"max-image-preview:large","max-video-preview":"max-video-preview:-1"},"og_locale":"de_DE","og_type":"article","og_title":"Hajunpoistoratkaisut j\u00e4tteiden k\u00e4sittelyyn","og_description":"J\u00e4tepuristimen hajunpoisto, j\u00e4tehuoneen hajunpoisto ja j\u00e4tteenk\u00e4sittelylaitoksen hajunpoisto voidaan ongelma ratkaista OudourMikko aktiivihiilisuodattimella, joka on kehitetty pitk\u00e4n kokemuksen pohjalta ilmam\u00e4\u00e4r\u00e4lle 1-200 000 m\u1d4c\/h.","og_url":"https:\/\/dev.etoiles.fi\/jatteenkasittely\/","og_site_name":"Etoiles","article_modified_time":"2024-11-09T15:44:52+00:00","og_image":[{"url":"https:\/\/www.etoiles.fi\/wp-content\/uploads\/2018\/02\/OdourMikko-20-000-Aktiivihiilisuodatin.jpg","type":"","width":"","height":""}],"twitter_card":"summary_large_image","twitter_misc":{"Gesch\u00e4tzte Lesezeit":"2\u00a0Minuten"},"schema":{"@context":"https:\/\/schema.org","@graph":[{"@type":"WebPage","@id":"https:\/\/dev.etoiles.fi\/jatteenkasittely\/","url":"https:\/\/dev.etoiles.fi\/jatteenkasittely\/","name":"Hajunpoistoratkaisut j\u00e4tteiden k\u00e4sittelyyn","isPartOf":{"@id":"https:\/\/dev.etoiles.fi\/#website"},"primaryImageOfPage":{"@id":"https:\/\/dev.etoiles.fi\/jatteenkasittely\/#primaryimage"},"image":{"@id":"https:\/\/dev.etoiles.fi\/jatteenkasittely\/#primaryimage"},"thumbnailUrl":"https:\/\/www.etoiles.fi\/wp-content\/uploads\/2018\/02\/OdourMikko-20-000-Aktiivihiilisuodatin.jpg","datePublished":"2016-05-10T13:08:29+00:00","dateModified":"2024-11-09T15:44:52+00:00","description":"J\u00e4tepuristimen hajunpoisto, j\u00e4tehuoneen hajunpoisto ja j\u00e4tteenk\u00e4sittelylaitoksen hajunpoisto voidaan ongelma ratkaista OudourMikko aktiivihiilisuodattimella, joka on kehitetty pitk\u00e4n kokemuksen pohjalta ilmam\u00e4\u00e4r\u00e4lle 1-200 000 m\u1d4c\/h.","breadcrumb":{"@id":"https:\/\/dev.etoiles.fi\/jatteenkasittely\/#breadcrumb"},"inLanguage":"de","potentialAction":[{"@type":"ReadAction","target":["https:\/\/dev.etoiles.fi\/jatteenkasittely\/"]}]},{"@type":"ImageObject","inLanguage":"de","@id":"https:\/\/dev.etoiles.fi\/jatteenkasittely\/#primaryimage","url":"https:\/\/www.etoiles.fi\/wp-content\/uploads\/2018\/02\/OdourMikko-20-000-Aktiivihiilisuodatin.jpg","contentUrl":"https:\/\/www.etoiles.fi\/wp-content\/uploads\/2018\/02\/OdourMikko-20-000-Aktiivihiilisuodatin.jpg"},{"@type":"BreadcrumbList","@id":"https:\/\/dev.etoiles.fi\/jatteenkasittely\/#breadcrumb","itemListElement":[{"@type":"ListItem","position":1,"name":"Home","item":"https:\/\/dev.etoiles.fi\/de\/"},{"@type":"ListItem","position":2,"name":"Zur Industrie"}]},{"@type":"WebSite","@id":"https:\/\/dev.etoiles.fi\/#website","url":"https:\/\/dev.etoiles.fi\/","name":"Etoiles","description":"Hajunpoistoratkaisut j&auml;teveden ja j&auml;tteenk&auml;sittelyyn ja teollisuuteen","publisher":{"@id":"https:\/\/dev.etoiles.fi\/#organization"},"potentialAction":[{"@type":"SearchAction","target":{"@type":"EntryPoint","urlTemplate":"https:\/\/dev.etoiles.fi\/?s={search_term_string}"},"query-input":{"@type":"PropertyValueSpecification","valueRequired":true,"valueName":"search_term_string"}}],"inLanguage":"de"},{"@type":"Organization","@id":"https:\/\/dev.etoiles.fi\/#organization","name":"Etoiles","url":"https:\/\/dev.etoiles.fi\/","logo":{"@type":"ImageObject","inLanguage":"de","@id":"https:\/\/dev.etoiles.fi\/#\/schema\/logo\/image\/","url":"https:\/\/dev.etoiles.fi\/wp-content\/uploads\/2018\/02\/etoileswhite_new_pieni.png","contentUrl":"https:\/\/dev.etoiles.fi\/wp-content\/uploads\/2018\/02\/etoileswhite_new_pieni.png","width":350,"height":83,"caption":"Etoiles"},"image":{"@id":"https:\/\/dev.etoiles.fi\/#\/schema\/logo\/image\/"}}]}},"uagb_featured_image_src":{"full":false,"thumbnail":false,"medium":false,"medium_large":false,"large":false,"1536x1536":false,"2048x2048":false},"uagb_author_info":{"display_name":"SulkaSuunnittelu","author_link":"https:\/\/dev.etoiles.fi\/de\/author\/mikko\/"},"uagb_comment_info":0,"uagb_excerpt":"[vc_row][vc_column][vc_column_text] L\u00f6sungen f\u00fcr das industrielle Geruchsmanagement Die Produktreihe OdourMikko wurde auf der Grundlage langj\u00e4hriger Erfahrungen f\u00fcr die Beseitigung der Geruchsbelastung konzipiert, die durch Abfallpressen, Abfallr\u00e4ume und Abfallbehandlungsanlagen erzeugt wird. Mit dem Verfahren konnten hervorragende Ergebnisse bei der Verbesserung der Luftqualit\u00e4t von Gewerbe- und Abfallr\u00e4umen erzielt werden. Aus der Luft werden geruchsintensive Verbindungen herausgefiltert, was zu&hellip;","_links":{"self":[{"href":"https:\/\/dev.etoiles.fi\/de\/wp-json\/wp\/v2\/pages\/1587","targetHints":{"allow":["GET"]}}],"collection":[{"href":"https:\/\/dev.etoiles.fi\/de\/wp-json\/wp\/v2\/pages"}],"about":[{"href":"https:\/\/dev.etoiles.fi\/de\/wp-json\/wp\/v2\/types\/page"}],"author":[{"embeddable":true,"href":"https:\/\/dev.etoiles.fi\/de\/wp-json\/wp\/v2\/users\/2"}],"replies":[{"embeddable":true,"href":"https:\/\/dev.etoiles.fi\/de\/wp-json\/wp\/v2\/comments?post=1587"}],"version-history":[{"count":3,"href":"https:\/\/dev.etoiles.fi\/de\/wp-json\/wp\/v2\/pages\/1587\/revisions"}],"predecessor-version":[{"id":1607,"href":"https:\/\/dev.etoiles.fi\/de\/wp-json\/wp\/v2\/pages\/1587\/revisions\/1607"}],"wp:attachment":[{"href":"https:\/\/dev.etoiles.fi\/de\/wp-json\/wp\/v2\/media?parent=1587"}],"curies":[{"name":"wp","href":"https:\/\/api.w.org\/{rel}","templated":true}]}}