{"id":1576,"date":"2016-04-18T10:31:52","date_gmt":"2016-04-18T10:31:52","guid":{"rendered":"https:\/\/www.etoiles.fi\/jatevedenkasittely\/"},"modified":"2024-11-09T17:44:44","modified_gmt":"2024-11-09T15:44:44","slug":"abwasserbehandlung","status":"publish","type":"page","link":"https:\/\/dev.etoiles.fi\/de\/abwasserbehandlung\/","title":{"rendered":"Abwasserbehandlung"},"content":{"rendered":"<p>[vc_row][vc_column][vc_column_text]<\/p>\n<div style=\"padding: 30px 30px;\">\n<h1>Geruchsneutralisation in der Abwasserbehandlung<\/h1>\n<p>Die Produktreihe OdourMikko wurde zur Beseitigung der Geruchsbelastung in Abwasserpumpanlagen und Kl\u00e4ranlagen entwickelt. Die Anwendung von OdourMikko wirkt sich erfahrungsgem\u00e4\u00df positiv auf die Luftqualit\u00e4t und das Arbeitsumfeld aus.<\/p>\n<p>Durch geruchsintensive D\u00e4mpfe verursachte Korrosion kann ebenfalls betr\u00e4chtlich reduziert werden, was wiederum den Wartungsbedarf gesenkt und die Nutzungsdauer der Anlage verl\u00e4ngert.<\/p>\n<p><strong>Beispiele<\/strong>:<\/p>\n<p>&#8211; Abwasserpumpanlagen und Abwasserleitungen, in denen reichlich Schwefelwasserstoff entsteht aufgrund langer Verz\u00f6gerungszeiten.<\/p>\n<p>Sonstige geruchsbildende Bereiche der Abwasserbehandlung<\/p>\n<p>In Kl\u00e4ranlagen werden Ger\u00fcche in verschiedenen Prozessphasen eliminiert, als Teil der L\u00fcftung und mittels Punktabsaugung, z. B. in Zentrifugen, Kl\u00e4rschlammbeh\u00e4ltern, Silos und Becken. Dadurch wird die Geruchsausbreitung in andere Bereiche verhindert und gleichzeitig ein angenehmes Arbeitsumfeld geschaffen.<\/p>\n<p><a href=\"https:\/\/www.etoiles.fi\/wp-content\/uploads\/2018\/02\/OdourMikko_20000_puhdistamo-1.jpg\"><img loading=\"lazy\" decoding=\"async\" class=\"alignnone wp-image-464 size-full\" src=\"https:\/\/www.etoiles.fi\/wp-content\/uploads\/2018\/02\/OdourMikko_20000_puhdistamo-1.jpg\" alt=\"\" width=\"458\" height=\"259\" srcset=\"https:\/\/dev.etoiles.fi\/wp-content\/uploads\/2018\/02\/OdourMikko_20000_puhdistamo-1.jpg 458w, https:\/\/dev.etoiles.fi\/wp-content\/uploads\/2018\/02\/OdourMikko_20000_puhdistamo-1-300x170.jpg 300w, https:\/\/dev.etoiles.fi\/wp-content\/uploads\/2018\/02\/OdourMikko_20000_puhdistamo-1-258x146.jpg 258w, https:\/\/dev.etoiles.fi\/wp-content\/uploads\/2018\/02\/OdourMikko_20000_puhdistamo-1-50x28.jpg 50w, https:\/\/dev.etoiles.fi\/wp-content\/uploads\/2018\/02\/OdourMikko_20000_puhdistamo-1-133x75.jpg 133w\" sizes=\"auto, (max-width: 458px) 100vw, 458px\" \/><\/a><\/p>\n<\/div>\n<p>[\/vc_column_text][\/vc_column][\/vc_row]<\/p>\n","protected":false},"excerpt":{"rendered":"<p>[vc_row][vc_column][vc_column_text] Geruchsneutralisation in der Abwasserbehandlung Die Produktreihe OdourMikko wurde zur Beseitigung der Geruchsbelastung in Abwasserpumpanlagen und Kl\u00e4ranlagen entwickelt. Die Anwendung von OdourMikko wirkt sich erfahrungsgem\u00e4\u00df positiv auf die Luftqualit\u00e4t und das Arbeitsumfeld aus. Durch geruchsintensive D\u00e4mpfe verursachte Korrosion kann ebenfalls betr\u00e4chtlich reduziert werden, was wiederum den Wartungsbedarf gesenkt und die Nutzungsdauer der Anlage verl\u00e4ngert. Beispiele: [&hellip;]<\/p>\n","protected":false},"author":2,"featured_media":0,"parent":0,"menu_order":20,"comment_status":"closed","ping_status":"closed","template":"","meta":{"_uag_custom_page_level_css":"","footnotes":""},"class_list":["post-1576","page","type-page","status-publish","hentry"],"blocksy_meta":[],"yoast_head":"<!-- This site is optimized with the Yoast SEO plugin v27.5 - https:\/\/yoast.com\/product\/yoast-seo-wordpress\/ -->\n<title>Hajunpoisto ratkaisut j\u00e4teveden k\u00e4sittelyyn | Etoiles<\/title>\n<meta name=\"description\" content=\"J\u00e4tevesipumppaamoiden ja j\u00e4tevedenk\u00e4sittelyn hajunpoistoon suunnitellut OdourMikko-aktiivihiilisuodattimet poistavat kustannustehokkaasti hajuhaittoja.\" \/>\n<meta name=\"robots\" content=\"noindex, follow, max-snippet:-1, max-image-preview:large, max-video-preview:-1\" \/>\n<meta property=\"og:locale\" content=\"de_DE\" \/>\n<meta property=\"og:type\" content=\"article\" \/>\n<meta property=\"og:title\" content=\"Hajunpoisto ratkaisut j\u00e4teveden k\u00e4sittelyyn | Etoiles\" \/>\n<meta property=\"og:description\" content=\"J\u00e4tevesipumppaamoiden ja j\u00e4tevedenk\u00e4sittelyn hajunpoistoon suunnitellut OdourMikko-aktiivihiilisuodattimet poistavat kustannustehokkaasti hajuhaittoja.\" \/>\n<meta property=\"og:url\" content=\"https:\/\/dev.etoiles.fi\/jatevedenkasittely\/\" \/>\n<meta property=\"og:site_name\" content=\"Etoiles\" \/>\n<meta property=\"article:modified_time\" content=\"2024-11-09T15:44:44+00:00\" \/>\n<meta property=\"og:image\" content=\"https:\/\/www.etoiles.fi\/wp-content\/uploads\/2018\/02\/OdourMikko_20000_puhdistamo-1.jpg\" \/>\n<meta name=\"twitter:card\" content=\"summary_large_image\" \/>\n<meta name=\"twitter:label1\" content=\"Gesch\u00e4tzte Lesezeit\" \/>\n\t<meta name=\"twitter:data1\" content=\"1\u00a0Minute\" \/>\n<script type=\"application\/ld+json\" class=\"yoast-schema-graph\">{\"@context\":\"https:\\\/\\\/schema.org\",\"@graph\":[{\"@type\":\"WebPage\",\"@id\":\"https:\\\/\\\/dev.etoiles.fi\\\/jatevedenkasittely\\\/\",\"url\":\"https:\\\/\\\/dev.etoiles.fi\\\/jatevedenkasittely\\\/\",\"name\":\"Hajunpoisto ratkaisut j\u00e4teveden k\u00e4sittelyyn | Etoiles\",\"isPartOf\":{\"@id\":\"https:\\\/\\\/dev.etoiles.fi\\\/#website\"},\"primaryImageOfPage\":{\"@id\":\"https:\\\/\\\/dev.etoiles.fi\\\/jatevedenkasittely\\\/#primaryimage\"},\"image\":{\"@id\":\"https:\\\/\\\/dev.etoiles.fi\\\/jatevedenkasittely\\\/#primaryimage\"},\"thumbnailUrl\":\"https:\\\/\\\/www.etoiles.fi\\\/wp-content\\\/uploads\\\/2018\\\/02\\\/OdourMikko_20000_puhdistamo-1.jpg\",\"datePublished\":\"2016-04-18T10:31:52+00:00\",\"dateModified\":\"2024-11-09T15:44:44+00:00\",\"description\":\"J\u00e4tevesipumppaamoiden ja j\u00e4tevedenk\u00e4sittelyn hajunpoistoon suunnitellut OdourMikko-aktiivihiilisuodattimet poistavat kustannustehokkaasti hajuhaittoja.\",\"breadcrumb\":{\"@id\":\"https:\\\/\\\/dev.etoiles.fi\\\/jatevedenkasittely\\\/#breadcrumb\"},\"inLanguage\":\"de\",\"potentialAction\":[{\"@type\":\"ReadAction\",\"target\":[\"https:\\\/\\\/dev.etoiles.fi\\\/jatevedenkasittely\\\/\"]}]},{\"@type\":\"ImageObject\",\"inLanguage\":\"de\",\"@id\":\"https:\\\/\\\/dev.etoiles.fi\\\/jatevedenkasittely\\\/#primaryimage\",\"url\":\"https:\\\/\\\/www.etoiles.fi\\\/wp-content\\\/uploads\\\/2018\\\/02\\\/OdourMikko_20000_puhdistamo-1.jpg\",\"contentUrl\":\"https:\\\/\\\/www.etoiles.fi\\\/wp-content\\\/uploads\\\/2018\\\/02\\\/OdourMikko_20000_puhdistamo-1.jpg\"},{\"@type\":\"BreadcrumbList\",\"@id\":\"https:\\\/\\\/dev.etoiles.fi\\\/jatevedenkasittely\\\/#breadcrumb\",\"itemListElement\":[{\"@type\":\"ListItem\",\"position\":1,\"name\":\"Home\",\"item\":\"https:\\\/\\\/dev.etoiles.fi\\\/de\\\/\"},{\"@type\":\"ListItem\",\"position\":2,\"name\":\"Abwasserbehandlung\"}]},{\"@type\":\"WebSite\",\"@id\":\"https:\\\/\\\/dev.etoiles.fi\\\/#website\",\"url\":\"https:\\\/\\\/dev.etoiles.fi\\\/\",\"name\":\"Etoiles\",\"description\":\"Hajunpoistoratkaisut j&auml;teveden ja j&auml;tteenk&auml;sittelyyn ja teollisuuteen\",\"publisher\":{\"@id\":\"https:\\\/\\\/dev.etoiles.fi\\\/#organization\"},\"potentialAction\":[{\"@type\":\"SearchAction\",\"target\":{\"@type\":\"EntryPoint\",\"urlTemplate\":\"https:\\\/\\\/dev.etoiles.fi\\\/?s={search_term_string}\"},\"query-input\":{\"@type\":\"PropertyValueSpecification\",\"valueRequired\":true,\"valueName\":\"search_term_string\"}}],\"inLanguage\":\"de\"},{\"@type\":\"Organization\",\"@id\":\"https:\\\/\\\/dev.etoiles.fi\\\/#organization\",\"name\":\"Etoiles\",\"url\":\"https:\\\/\\\/dev.etoiles.fi\\\/\",\"logo\":{\"@type\":\"ImageObject\",\"inLanguage\":\"de\",\"@id\":\"https:\\\/\\\/dev.etoiles.fi\\\/#\\\/schema\\\/logo\\\/image\\\/\",\"url\":\"https:\\\/\\\/dev.etoiles.fi\\\/wp-content\\\/uploads\\\/2018\\\/02\\\/etoileswhite_new_pieni.png\",\"contentUrl\":\"https:\\\/\\\/dev.etoiles.fi\\\/wp-content\\\/uploads\\\/2018\\\/02\\\/etoileswhite_new_pieni.png\",\"width\":350,\"height\":83,\"caption\":\"Etoiles\"},\"image\":{\"@id\":\"https:\\\/\\\/dev.etoiles.fi\\\/#\\\/schema\\\/logo\\\/image\\\/\"}}]}<\/script>\n<!-- \/ Yoast SEO plugin. -->","yoast_head_json":{"title":"Hajunpoisto ratkaisut j\u00e4teveden k\u00e4sittelyyn | Etoiles","description":"J\u00e4tevesipumppaamoiden ja j\u00e4tevedenk\u00e4sittelyn hajunpoistoon suunnitellut OdourMikko-aktiivihiilisuodattimet poistavat kustannustehokkaasti hajuhaittoja.","robots":{"index":"noindex","follow":"follow","max-snippet":"max-snippet:-1","max-image-preview":"max-image-preview:large","max-video-preview":"max-video-preview:-1"},"og_locale":"de_DE","og_type":"article","og_title":"Hajunpoisto ratkaisut j\u00e4teveden k\u00e4sittelyyn | Etoiles","og_description":"J\u00e4tevesipumppaamoiden ja j\u00e4tevedenk\u00e4sittelyn hajunpoistoon suunnitellut OdourMikko-aktiivihiilisuodattimet poistavat kustannustehokkaasti hajuhaittoja.","og_url":"https:\/\/dev.etoiles.fi\/jatevedenkasittely\/","og_site_name":"Etoiles","article_modified_time":"2024-11-09T15:44:44+00:00","og_image":[{"url":"https:\/\/www.etoiles.fi\/wp-content\/uploads\/2018\/02\/OdourMikko_20000_puhdistamo-1.jpg","type":"","width":"","height":""}],"twitter_card":"summary_large_image","twitter_misc":{"Gesch\u00e4tzte Lesezeit":"1\u00a0Minute"},"schema":{"@context":"https:\/\/schema.org","@graph":[{"@type":"WebPage","@id":"https:\/\/dev.etoiles.fi\/jatevedenkasittely\/","url":"https:\/\/dev.etoiles.fi\/jatevedenkasittely\/","name":"Hajunpoisto ratkaisut j\u00e4teveden k\u00e4sittelyyn | Etoiles","isPartOf":{"@id":"https:\/\/dev.etoiles.fi\/#website"},"primaryImageOfPage":{"@id":"https:\/\/dev.etoiles.fi\/jatevedenkasittely\/#primaryimage"},"image":{"@id":"https:\/\/dev.etoiles.fi\/jatevedenkasittely\/#primaryimage"},"thumbnailUrl":"https:\/\/www.etoiles.fi\/wp-content\/uploads\/2018\/02\/OdourMikko_20000_puhdistamo-1.jpg","datePublished":"2016-04-18T10:31:52+00:00","dateModified":"2024-11-09T15:44:44+00:00","description":"J\u00e4tevesipumppaamoiden ja j\u00e4tevedenk\u00e4sittelyn hajunpoistoon suunnitellut OdourMikko-aktiivihiilisuodattimet poistavat kustannustehokkaasti hajuhaittoja.","breadcrumb":{"@id":"https:\/\/dev.etoiles.fi\/jatevedenkasittely\/#breadcrumb"},"inLanguage":"de","potentialAction":[{"@type":"ReadAction","target":["https:\/\/dev.etoiles.fi\/jatevedenkasittely\/"]}]},{"@type":"ImageObject","inLanguage":"de","@id":"https:\/\/dev.etoiles.fi\/jatevedenkasittely\/#primaryimage","url":"https:\/\/www.etoiles.fi\/wp-content\/uploads\/2018\/02\/OdourMikko_20000_puhdistamo-1.jpg","contentUrl":"https:\/\/www.etoiles.fi\/wp-content\/uploads\/2018\/02\/OdourMikko_20000_puhdistamo-1.jpg"},{"@type":"BreadcrumbList","@id":"https:\/\/dev.etoiles.fi\/jatevedenkasittely\/#breadcrumb","itemListElement":[{"@type":"ListItem","position":1,"name":"Home","item":"https:\/\/dev.etoiles.fi\/de\/"},{"@type":"ListItem","position":2,"name":"Abwasserbehandlung"}]},{"@type":"WebSite","@id":"https:\/\/dev.etoiles.fi\/#website","url":"https:\/\/dev.etoiles.fi\/","name":"Etoiles","description":"Hajunpoistoratkaisut j&auml;teveden ja j&auml;tteenk&auml;sittelyyn ja teollisuuteen","publisher":{"@id":"https:\/\/dev.etoiles.fi\/#organization"},"potentialAction":[{"@type":"SearchAction","target":{"@type":"EntryPoint","urlTemplate":"https:\/\/dev.etoiles.fi\/?s={search_term_string}"},"query-input":{"@type":"PropertyValueSpecification","valueRequired":true,"valueName":"search_term_string"}}],"inLanguage":"de"},{"@type":"Organization","@id":"https:\/\/dev.etoiles.fi\/#organization","name":"Etoiles","url":"https:\/\/dev.etoiles.fi\/","logo":{"@type":"ImageObject","inLanguage":"de","@id":"https:\/\/dev.etoiles.fi\/#\/schema\/logo\/image\/","url":"https:\/\/dev.etoiles.fi\/wp-content\/uploads\/2018\/02\/etoileswhite_new_pieni.png","contentUrl":"https:\/\/dev.etoiles.fi\/wp-content\/uploads\/2018\/02\/etoileswhite_new_pieni.png","width":350,"height":83,"caption":"Etoiles"},"image":{"@id":"https:\/\/dev.etoiles.fi\/#\/schema\/logo\/image\/"}}]}},"uagb_featured_image_src":{"full":false,"thumbnail":false,"medium":false,"medium_large":false,"large":false,"1536x1536":false,"2048x2048":false},"uagb_author_info":{"display_name":"SulkaSuunnittelu","author_link":"https:\/\/dev.etoiles.fi\/de\/author\/mikko\/"},"uagb_comment_info":0,"uagb_excerpt":"[vc_row][vc_column][vc_column_text] Geruchsneutralisation in der Abwasserbehandlung Die Produktreihe OdourMikko wurde zur Beseitigung der Geruchsbelastung in Abwasserpumpanlagen und Kl\u00e4ranlagen entwickelt. Die Anwendung von OdourMikko wirkt sich erfahrungsgem\u00e4\u00df positiv auf die Luftqualit\u00e4t und das Arbeitsumfeld aus. Durch geruchsintensive D\u00e4mpfe verursachte Korrosion kann ebenfalls betr\u00e4chtlich reduziert werden, was wiederum den Wartungsbedarf gesenkt und die Nutzungsdauer der Anlage verl\u00e4ngert. Beispiele:&hellip;","_links":{"self":[{"href":"https:\/\/dev.etoiles.fi\/de\/wp-json\/wp\/v2\/pages\/1576","targetHints":{"allow":["GET"]}}],"collection":[{"href":"https:\/\/dev.etoiles.fi\/de\/wp-json\/wp\/v2\/pages"}],"about":[{"href":"https:\/\/dev.etoiles.fi\/de\/wp-json\/wp\/v2\/types\/page"}],"author":[{"embeddable":true,"href":"https:\/\/dev.etoiles.fi\/de\/wp-json\/wp\/v2\/users\/2"}],"replies":[{"embeddable":true,"href":"https:\/\/dev.etoiles.fi\/de\/wp-json\/wp\/v2\/comments?post=1576"}],"version-history":[{"count":3,"href":"https:\/\/dev.etoiles.fi\/de\/wp-json\/wp\/v2\/pages\/1576\/revisions"}],"predecessor-version":[{"id":1606,"href":"https:\/\/dev.etoiles.fi\/de\/wp-json\/wp\/v2\/pages\/1576\/revisions\/1606"}],"wp:attachment":[{"href":"https:\/\/dev.etoiles.fi\/de\/wp-json\/wp\/v2\/media?parent=1576"}],"curies":[{"name":"wp","href":"https:\/\/api.w.org\/{rel}","templated":true}]}}