{"id":1565,"date":"2016-03-21T18:01:39","date_gmt":"2016-03-21T18:01:39","guid":{"rendered":"https:\/\/www.etoiles.fi\/etusivu\/"},"modified":"2024-11-09T17:44:30","modified_gmt":"2024-11-09T15:44:30","slug":"etusivu","status":"publish","type":"page","link":"https:\/\/dev.etoiles.fi\/de\/","title":{"rendered":"Titelseite"},"content":{"rendered":"<p>[vc_row][vc_column][vc_column_text]<\/p>\n<h1 style=\"margin-top: 30px; text-align: center;\">L\u00f6sungen zur Geruchsneutralisation<\/h1>\n<h4>Etoiles ist auf die professionelle Geruchsneutralisation spezialisiert. Wir entwickeln L\u00f6sungen f\u00fcr die Beseitigung der Geruchsbelastung im Umfeld von Abwasser-, Industrie- und Biogasanlagen und Immobilien. Die Aktivkohlefilter OdourMikko beseitigen Ger\u00fcche ausgesprochen effektiv.<\/h4>\n<h4>Wir verf\u00fcgen \u00fcber mehr als 15 Jahre solide Erfahrung in der Geruchsneutralisation. Unsere L\u00f6sungen werden mit einer Zufriedenheitsgarantie geliefert.<\/h4>\n<p>[\/vc_column_text][\/vc_column][\/vc_row]<\/p>\n","protected":false},"excerpt":{"rendered":"<p>[vc_row][vc_column][vc_column_text] L\u00f6sungen zur Geruchsneutralisation Etoiles ist auf die professionelle Geruchsneutralisation spezialisiert. Wir entwickeln L\u00f6sungen f\u00fcr die Beseitigung der Geruchsbelastung im Umfeld von Abwasser-, Industrie- und Biogasanlagen und Immobilien. Die Aktivkohlefilter OdourMikko beseitigen Ger\u00fcche ausgesprochen effektiv. Wir verf\u00fcgen \u00fcber mehr als 15 Jahre solide Erfahrung in der Geruchsneutralisation. Unsere L\u00f6sungen werden mit einer Zufriedenheitsgarantie geliefert. [\/vc_column_text][\/vc_column][\/vc_row]<\/p>\n","protected":false},"author":2,"featured_media":0,"parent":0,"menu_order":0,"comment_status":"closed","ping_status":"closed","template":"","meta":{"_uag_custom_page_level_css":"","footnotes":""},"class_list":["post-1565","page","type-page","status-publish","hentry"],"blocksy_meta":[],"yoast_head":"<!-- This site is optimized with the Yoast SEO plugin v27.5 - https:\/\/yoast.com\/product\/yoast-seo-wordpress\/ -->\n<title>Hajunpoisto j\u00e4teveden- ja j\u00e4tteenk\u00e4sittelyyn ja teollisuuteen | Etoiles<\/title>\n<meta name=\"description\" content=\"Hajunpoisto ratkaisut r\u00e4\u00e4t\u00e4l\u00f6id\u00e4\u00e4n kohteen mukaan. OdourMikko aktiivihiilisuodattimet mm. j\u00e4teveden- ja j\u00e4tteenk\u00e4sittelyyn sek\u00e4 teollisuus- ja biokaasulaitoksiin.\" \/>\n<meta name=\"robots\" content=\"noindex, follow, max-snippet:-1, max-image-preview:large, max-video-preview:-1\" \/>\n<meta property=\"og:locale\" content=\"de_DE\" \/>\n<meta property=\"og:type\" content=\"article\" \/>\n<meta property=\"og:title\" content=\"Hajunpoisto j\u00e4teveden- ja j\u00e4tteenk\u00e4sittelyyn ja teollisuuteen | Etoiles\" \/>\n<meta property=\"og:description\" content=\"Hajunpoisto ratkaisut r\u00e4\u00e4t\u00e4l\u00f6id\u00e4\u00e4n kohteen mukaan. OdourMikko aktiivihiilisuodattimet mm. j\u00e4teveden- ja j\u00e4tteenk\u00e4sittelyyn sek\u00e4 teollisuus- ja biokaasulaitoksiin.\" \/>\n<meta property=\"og:url\" content=\"https:\/\/dev.etoiles.fi\/de\/\" \/>\n<meta property=\"og:site_name\" content=\"Etoiles\" \/>\n<meta property=\"article:modified_time\" content=\"2024-11-09T15:44:30+00:00\" \/>\n<meta name=\"twitter:card\" content=\"summary_large_image\" \/>\n<meta name=\"twitter:label1\" content=\"Gesch\u00e4tzte Lesezeit\" \/>\n\t<meta name=\"twitter:data1\" content=\"1\u00a0Minute\" \/>\n<script type=\"application\/ld+json\" class=\"yoast-schema-graph\">{\"@context\":\"https:\\\/\\\/schema.org\",\"@graph\":[{\"@type\":\"WebPage\",\"@id\":\"https:\\\/\\\/dev.etoiles.fi\\\/de\\\/\",\"url\":\"https:\\\/\\\/dev.etoiles.fi\\\/de\\\/\",\"name\":\"Hajunpoisto j\u00e4teveden- ja j\u00e4tteenk\u00e4sittelyyn ja teollisuuteen | Etoiles\",\"isPartOf\":{\"@id\":\"https:\\\/\\\/dev.etoiles.fi\\\/#website\"},\"datePublished\":\"2016-03-21T18:01:39+00:00\",\"dateModified\":\"2024-11-09T15:44:30+00:00\",\"description\":\"Hajunpoisto ratkaisut r\u00e4\u00e4t\u00e4l\u00f6id\u00e4\u00e4n kohteen mukaan. OdourMikko aktiivihiilisuodattimet mm. j\u00e4teveden- ja j\u00e4tteenk\u00e4sittelyyn sek\u00e4 teollisuus- ja biokaasulaitoksiin.\",\"breadcrumb\":{\"@id\":\"https:\\\/\\\/dev.etoiles.fi\\\/de\\\/#breadcrumb\"},\"inLanguage\":\"de\",\"potentialAction\":[{\"@type\":\"ReadAction\",\"target\":[\"https:\\\/\\\/dev.etoiles.fi\\\/de\\\/\"]}]},{\"@type\":\"BreadcrumbList\",\"@id\":\"https:\\\/\\\/dev.etoiles.fi\\\/de\\\/#breadcrumb\",\"itemListElement\":[{\"@type\":\"ListItem\",\"position\":1,\"name\":\"Home\",\"item\":\"https:\\\/\\\/dev.etoiles.fi\\\/de\\\/\"},{\"@type\":\"ListItem\",\"position\":2,\"name\":\"Titelseite\"}]},{\"@type\":\"WebSite\",\"@id\":\"https:\\\/\\\/dev.etoiles.fi\\\/#website\",\"url\":\"https:\\\/\\\/dev.etoiles.fi\\\/\",\"name\":\"Etoiles\",\"description\":\"Hajunpoistoratkaisut j&auml;teveden ja j&auml;tteenk&auml;sittelyyn ja teollisuuteen\",\"publisher\":{\"@id\":\"https:\\\/\\\/dev.etoiles.fi\\\/#organization\"},\"potentialAction\":[{\"@type\":\"SearchAction\",\"target\":{\"@type\":\"EntryPoint\",\"urlTemplate\":\"https:\\\/\\\/dev.etoiles.fi\\\/?s={search_term_string}\"},\"query-input\":{\"@type\":\"PropertyValueSpecification\",\"valueRequired\":true,\"valueName\":\"search_term_string\"}}],\"inLanguage\":\"de\"},{\"@type\":\"Organization\",\"@id\":\"https:\\\/\\\/dev.etoiles.fi\\\/#organization\",\"name\":\"Etoiles\",\"url\":\"https:\\\/\\\/dev.etoiles.fi\\\/\",\"logo\":{\"@type\":\"ImageObject\",\"inLanguage\":\"de\",\"@id\":\"https:\\\/\\\/dev.etoiles.fi\\\/#\\\/schema\\\/logo\\\/image\\\/\",\"url\":\"https:\\\/\\\/dev.etoiles.fi\\\/wp-content\\\/uploads\\\/2018\\\/02\\\/etoileswhite_new_pieni.png\",\"contentUrl\":\"https:\\\/\\\/dev.etoiles.fi\\\/wp-content\\\/uploads\\\/2018\\\/02\\\/etoileswhite_new_pieni.png\",\"width\":350,\"height\":83,\"caption\":\"Etoiles\"},\"image\":{\"@id\":\"https:\\\/\\\/dev.etoiles.fi\\\/#\\\/schema\\\/logo\\\/image\\\/\"}}]}<\/script>\n<!-- \/ Yoast SEO plugin. -->","yoast_head_json":{"title":"Hajunpoisto j\u00e4teveden- ja j\u00e4tteenk\u00e4sittelyyn ja teollisuuteen | Etoiles","description":"Hajunpoisto ratkaisut r\u00e4\u00e4t\u00e4l\u00f6id\u00e4\u00e4n kohteen mukaan. OdourMikko aktiivihiilisuodattimet mm. j\u00e4teveden- ja j\u00e4tteenk\u00e4sittelyyn sek\u00e4 teollisuus- ja biokaasulaitoksiin.","robots":{"index":"noindex","follow":"follow","max-snippet":"max-snippet:-1","max-image-preview":"max-image-preview:large","max-video-preview":"max-video-preview:-1"},"og_locale":"de_DE","og_type":"article","og_title":"Hajunpoisto j\u00e4teveden- ja j\u00e4tteenk\u00e4sittelyyn ja teollisuuteen | Etoiles","og_description":"Hajunpoisto ratkaisut r\u00e4\u00e4t\u00e4l\u00f6id\u00e4\u00e4n kohteen mukaan. OdourMikko aktiivihiilisuodattimet mm. j\u00e4teveden- ja j\u00e4tteenk\u00e4sittelyyn sek\u00e4 teollisuus- ja biokaasulaitoksiin.","og_url":"https:\/\/dev.etoiles.fi\/de\/","og_site_name":"Etoiles","article_modified_time":"2024-11-09T15:44:30+00:00","twitter_card":"summary_large_image","twitter_misc":{"Gesch\u00e4tzte Lesezeit":"1\u00a0Minute"},"schema":{"@context":"https:\/\/schema.org","@graph":[{"@type":"WebPage","@id":"https:\/\/dev.etoiles.fi\/de\/","url":"https:\/\/dev.etoiles.fi\/de\/","name":"Hajunpoisto j\u00e4teveden- ja j\u00e4tteenk\u00e4sittelyyn ja teollisuuteen | Etoiles","isPartOf":{"@id":"https:\/\/dev.etoiles.fi\/#website"},"datePublished":"2016-03-21T18:01:39+00:00","dateModified":"2024-11-09T15:44:30+00:00","description":"Hajunpoisto ratkaisut r\u00e4\u00e4t\u00e4l\u00f6id\u00e4\u00e4n kohteen mukaan. OdourMikko aktiivihiilisuodattimet mm. j\u00e4teveden- ja j\u00e4tteenk\u00e4sittelyyn sek\u00e4 teollisuus- ja biokaasulaitoksiin.","breadcrumb":{"@id":"https:\/\/dev.etoiles.fi\/de\/#breadcrumb"},"inLanguage":"de","potentialAction":[{"@type":"ReadAction","target":["https:\/\/dev.etoiles.fi\/de\/"]}]},{"@type":"BreadcrumbList","@id":"https:\/\/dev.etoiles.fi\/de\/#breadcrumb","itemListElement":[{"@type":"ListItem","position":1,"name":"Home","item":"https:\/\/dev.etoiles.fi\/de\/"},{"@type":"ListItem","position":2,"name":"Titelseite"}]},{"@type":"WebSite","@id":"https:\/\/dev.etoiles.fi\/#website","url":"https:\/\/dev.etoiles.fi\/","name":"Etoiles","description":"Hajunpoistoratkaisut j&auml;teveden ja j&auml;tteenk&auml;sittelyyn ja teollisuuteen","publisher":{"@id":"https:\/\/dev.etoiles.fi\/#organization"},"potentialAction":[{"@type":"SearchAction","target":{"@type":"EntryPoint","urlTemplate":"https:\/\/dev.etoiles.fi\/?s={search_term_string}"},"query-input":{"@type":"PropertyValueSpecification","valueRequired":true,"valueName":"search_term_string"}}],"inLanguage":"de"},{"@type":"Organization","@id":"https:\/\/dev.etoiles.fi\/#organization","name":"Etoiles","url":"https:\/\/dev.etoiles.fi\/","logo":{"@type":"ImageObject","inLanguage":"de","@id":"https:\/\/dev.etoiles.fi\/#\/schema\/logo\/image\/","url":"https:\/\/dev.etoiles.fi\/wp-content\/uploads\/2018\/02\/etoileswhite_new_pieni.png","contentUrl":"https:\/\/dev.etoiles.fi\/wp-content\/uploads\/2018\/02\/etoileswhite_new_pieni.png","width":350,"height":83,"caption":"Etoiles"},"image":{"@id":"https:\/\/dev.etoiles.fi\/#\/schema\/logo\/image\/"}}]}},"uagb_featured_image_src":{"full":false,"thumbnail":false,"medium":false,"medium_large":false,"large":false,"1536x1536":false,"2048x2048":false},"uagb_author_info":{"display_name":"SulkaSuunnittelu","author_link":"https:\/\/dev.etoiles.fi\/de\/author\/mikko\/"},"uagb_comment_info":0,"uagb_excerpt":"[vc_row][vc_column][vc_column_text] L\u00f6sungen zur Geruchsneutralisation Etoiles ist auf die professionelle Geruchsneutralisation spezialisiert. Wir entwickeln L\u00f6sungen f\u00fcr die Beseitigung der Geruchsbelastung im Umfeld von Abwasser-, Industrie- und Biogasanlagen und Immobilien. Die Aktivkohlefilter OdourMikko beseitigen Ger\u00fcche ausgesprochen effektiv. Wir verf\u00fcgen \u00fcber mehr als 15 Jahre solide Erfahrung in der Geruchsneutralisation. Unsere L\u00f6sungen werden mit einer Zufriedenheitsgarantie geliefert. [\/vc_column_text][\/vc_column][\/vc_row]","_links":{"self":[{"href":"https:\/\/dev.etoiles.fi\/de\/wp-json\/wp\/v2\/pages\/1565","targetHints":{"allow":["GET"]}}],"collection":[{"href":"https:\/\/dev.etoiles.fi\/de\/wp-json\/wp\/v2\/pages"}],"about":[{"href":"https:\/\/dev.etoiles.fi\/de\/wp-json\/wp\/v2\/types\/page"}],"author":[{"embeddable":true,"href":"https:\/\/dev.etoiles.fi\/de\/wp-json\/wp\/v2\/users\/2"}],"replies":[{"embeddable":true,"href":"https:\/\/dev.etoiles.fi\/de\/wp-json\/wp\/v2\/comments?post=1565"}],"version-history":[{"count":4,"href":"https:\/\/dev.etoiles.fi\/de\/wp-json\/wp\/v2\/pages\/1565\/revisions"}],"predecessor-version":[{"id":1601,"href":"https:\/\/dev.etoiles.fi\/de\/wp-json\/wp\/v2\/pages\/1565\/revisions\/1601"}],"wp:attachment":[{"href":"https:\/\/dev.etoiles.fi\/de\/wp-json\/wp\/v2\/media?parent=1565"}],"curies":[{"name":"wp","href":"https:\/\/api.w.org\/{rel}","templated":true}]}}